{"id":36,"date":"2015-01-28T03:20:21","date_gmt":"2015-01-28T03:20:21","guid":{"rendered":"http:\/\/sindihoteis.com.br\/?page_id=36"},"modified":"2018-05-04T16:06:30","modified_gmt":"2018-05-04T16:06:30","slug":"circular-convencao","status":"publish","type":"page","link":"http:\/\/sindihoteis.com.br\/?page_id=36","title":{"rendered":"Circular da conven\u00e7\u00e3o NI"},"content":{"rendered":"\n<!-- Facebook Like Button v1.9.6 BEGIN [http:\/\/blog.bottomlessinc.com] -->\n<iframe src=\"http:\/\/www.facebook.com\/plugins\/like.php?href=http%3A%2F%2Fsindihoteis.com.br%2F%3Fpage_id%3D36&amp;layout=standard&amp;show_faces=false&amp;width=450&amp;action=like&amp;colorscheme=light\" scrolling=\"no\" frameborder=\"0\" allowTransparency=\"true\" style=\"border:none; overflow:hidden; width:450px; height: 30px; align: left; margin: 2px 0px 2px 0px\"><\/iframe>\n<!-- Facebook Like Button END -->\n<p>&nbsp;<\/p>\n<div id=\"post-254\" class=\"post-254 page type-page status-publish hentry clear\"><\/div>\n<p>BASE TERRITORIAL NOS MUNIC\u00cdPIOS DE: Nova Igua\u00e7u, Duque de Caxias, S\u00e3o Jo\u00e3o de Meriti, Nil\u00f3polis, Belford Roxo, Queimados, Japeri, Itagua\u00ed, Paracambi, Mangaratiba, Eng. Paulo de Frontin, Mendes, Miguel Pereira, Para\u00edba do Sul, Sapucaia, Tr\u00eas Rios, Areal, Comendador Levy Gasparian, Mesquita e Serop\u00e9dica.<\/p>\n<p><strong><strong>\u00a0<\/strong><\/strong><\/p>\n<p><b>CONVEN\u00c7\u00c3O COLETIVA 2017 \/ 2018 Circular\u00a0<\/b><\/p>\n<p><a href=\"http:\/\/sindihoteis.com.br\/wp-content\/uploads\/2017\/11\/circular.jpg\"><img decoding=\"async\" loading=\"lazy\" class=\"alignnone size-full wp-image-691\" src=\"http:\/\/sindihoteis.com.br\/wp-content\/uploads\/2017\/11\/circular.jpg\" alt=\"circular\" width=\"634\" height=\"960\" srcset=\"http:\/\/sindihoteis.com.br\/wp-content\/uploads\/2017\/11\/circular.jpg 634w, http:\/\/sindihoteis.com.br\/wp-content\/uploads\/2017\/11\/circular-198x300.jpg 198w\" sizes=\"(max-width: 634px) 100vw, 634px\" \/><\/a><\/p>\n<p>&#8212;&#8212;&#8212;&#8212;&#8212;&#8212;&#8212;&#8212;&#8212;&#8212;&#8212;&#8212;&#8212;&#8212;&#8212;&#8212;&#8212;&#8212;&#8212;&#8212;&#8212;&#8212;&#8212;&#8212;&#8212;&#8212;&#8212;&#8212;&#8212;&#8212;<\/p>\n<p>Nova Igua\u00e7\u00fa \u00a0 \u00a0link para baixar :\u00a0<a href=\"http:\/\/sindicatos.blog.com\/2014\/11\/18\/circular-de-convencao-20142015\/\">http:\/\/sindicatos.blog.com\/2014\/11\/18\/circular-de-convencao-20142015\/<\/a>\u00a0 \u00a0para baixar o original<\/p>\n<p><strong>\u00a0<\/strong><\/p>\n<p>BASE TERRITORIAL NOS MUNIC\u00cdPIOS DE: Nova Igua\u00e7u, Duque de Caxias, S\u00e3o Jo\u00e3o de Meriti, Nil\u00f3polis, Belford Roxo, Queimados, Japeri, Itagua\u00ed, Paracambi, Mangaratiba, Eng. Paulo de Frontin, Mendes, Miguel Pereira, Para\u00edba do Sul, Sapucaia, Tr\u00eas Rios, Areal, Comendador Levy Gasparian, Mesquita e Serop\u00e9dica.<\/p>\n<p><strong><strong>\u00a0<\/strong><\/strong><\/p>\n<p><b>CONVEN\u00c7\u00c3O COLETIVA 2014\/2015<\/b><\/p>\n<p><strong><strong>\u00a0<\/strong><\/strong><\/p>\n<p>Circular Informativa n\u00ba. 10\/2014<\/p>\n<p><strong><strong>\u00a0<\/strong><\/strong><\/p>\n<p>Prezados Senhores:<\/p>\n<p>Informamos que acabamos de fechar a Conven\u00e7\u00e3o Coletiva do Trabalho 2014\/2015 com o <b>Sindicato dos Empregados no Com\u00e9rcio Hoteleiro e Similares de Nova<\/b> <b>Igua\u00e7u, <\/b>para reajuste salarial dos empregados da categoria nos munic\u00edpios de <b>Nova Igua\u00e7u, Duque de Caxias, Nil\u00f3polis, Itagua\u00ed, S. J. de Meriti, Paracambi, Belford Roxo,<\/b> <b>Queimados, Japeri, Mesquita e Serop\u00e9dica<\/b>. Para conhecimento dos senhores contadores, associados e toda categoria econ\u00f4mica em geral, estamos transcrevendo os pontos principais da Conven\u00e7\u00e3o firmada entre o Sindicato Patronal e Sindicato Laboral. A Conven\u00e7\u00e3o na \u00edntegra poder\u00e1 ser adquirida em nosso endere\u00e7o eletr\u00f4nico <a href=\"http:\/\/www.sindihoteis.com.br\">www.sindihoteis.com.br<\/a> ou no site <a href=\"http:\/\/www.mte.gov.br\">www.mte.gov.br<\/a>.<\/p>\n<p>O reajuste salarial ser\u00e1 de 9% (nove por cento) a ser calculado sobre o sal\u00e1rio de 30 de setembro do corrente ano, podendo ser descontadas as antecipa\u00e7\u00f5es espont\u00e2neas ou compuls\u00f3rias. Respeitando os seguintes pisos normativos a saber:<\/p>\n<p>R$ <b>818,00<\/b> (oitocentos e dezoito reais) para as fun\u00e7\u00f5es de <b>ajudante de cozinha, lancheiro, saladeira, sushi-man, chapeiro, copeiro, cumim, auxiliar de servi\u00e7os gerais e atendente<\/b>, bem como os demais trabalhadores que n\u00e3o tenham as fun\u00e7\u00f5es descriminadas abaixo;<\/p>\n<p>R$ <b>850,00<\/b> (oitocentos e cinq\u00fcenta reais) para as fun\u00e7\u00f5es de <b>camareira, arrumadeira, recepcionista, cozinheiro, churrasqueiro, pizzaiolo, lavadeira, operador de caixa ou caixa<\/b>;<\/p>\n<p>R$ <b>878,00<\/b> (oitocentos e setenta e oito reais) para as fun\u00e7\u00f5es de <b>gar\u00e7om e chefe de cozinha<\/b>;<\/p>\n<p>R$ <b>909,30<\/b> (novecentos e nove reais e trinta centavos) para a fun\u00e7\u00e3o de <b>barman<\/b>;<\/p>\n<p>R$ <b>936,20<\/b> (novecentos e trinta e seis reais e vinte centavos) para a fun\u00e7\u00e3o de <b>maitre de hotel<\/b>.<\/p>\n<p>Para os sal\u00e1rios dos empregados que percebam acima de <b>04<\/b> (quatro) sal\u00e1rios m\u00edninos normativo \u00e9 adotado o crit\u00e9rio de livre negocia\u00e7\u00e3o entre empregado e empregador. Para obten\u00e7\u00e3o do sal\u00e1rio normativo\/hora \u00e9 necess\u00e1rio dividir o mesmo por 220 (duzentos e vinte). Aos empregados que comprovadamente, inclusive com registro na CTPS que exer\u00e7am a fun\u00e7\u00e3o de <b>OPERADOR DE CAIXA ou CAIXA<\/b>, \u00e9 assegurada uma gratifica\u00e7\u00e3o mensal, na import\u00e2ncia de <b>R$ 120,00<\/b> (cento e vinte reais), a t\u00edtulo de QUEBRA DE CAIXA. Ser\u00e1 concedido um adicional sobre o sal\u00e1rio percebido de 15% (quinze por cento) para cozinheiro e 10% (dez por cento) para ajudante de cozinha, lancheiro, chapeiro, lavadeira e camareira. E um adicional de 5% (cinco por cento) <b>somente <\/b>para os empregados com a fun\u00e7\u00e3o de Auxiliar de Servi\u00e7os Gerais que trabalhem em <b>Hot\u00e9is<\/b> ou <b>Mot\u00e9is.<\/b><\/p>\n<p>As empresas representadas pelo Sindicato Patronal, sindicalizadas ou n\u00e3o, recolher\u00e3o a favor do <b>SHRBS da Baixada e Sul Fluminense<\/b>, a t\u00edtulo de \u201c<b>CONTRIBUI\u00c7\u00c3O ASSISTENCIAL<\/b>\u201d em guias fornecidas pelo sindicato os seguintes valores: Para as empresas que efetuarem o recolhimento na data do vencimento \u00e9 fixada a COTA \u00daNICA de R$ 160,00 (cento e sessenta reais), acrescida de R$ 30,00 (trinta reais) por empregado que possua a seu servi\u00e7o, sendo a cota m\u00ednima de R$ 160,00 (cento e sessenta reais). Por\u00e9m as empresas que efetuarem o recolhimento antes do dia 20 de novembro do corrente ano, ter\u00e3o um <b>desconto<\/b> progressivo de datas que se encontra estipulado na boleta banc\u00e1ria que dever\u00e1 ser enviada para a empresa em tempo h\u00e1bil, para que a mesma possa usufruir do desconto. O N\u00e3o recolhimento da contribui\u00e7\u00e3o na data prevista sujeitar\u00e1 a empresa infratora ao pagamento de 10% (dez por cento) de adicional por m\u00eas de atraso. No caso de um eventual n\u00e3o recebimento da guia para recolhimento, n\u00e3o escusar\u00e1 a empresa do pagamento da contribui\u00e7\u00e3o, devendo a guia a ser exigida ao Sindicato at\u00e9 o prazo convencionado, sujeitando-se o infrator as comina\u00e7\u00f5es previstas.<\/p>\n<p>&nbsp;<\/p>\n<p>&nbsp;<\/p>\n<p>Paulo Rodrigues dos Santos \u2013 Presidente<\/p>\n\n<!-- Facebook Like Button v1.9.6 BEGIN [http:\/\/blog.bottomlessinc.com] -->\n<iframe src=\"http:\/\/www.facebook.com\/plugins\/like.php?href=http%3A%2F%2Fsindihoteis.com.br%2F%3Fpage_id%3D36&amp;layout=standard&amp;show_faces=false&amp;width=450&amp;action=like&amp;colorscheme=light\" scrolling=\"no\" frameborder=\"0\" allowTransparency=\"true\" style=\"border:none; overflow:hidden; width:450px; height: 30px; align: left; margin: 2px 0px 2px 0px\"><\/iframe>\n<!-- Facebook Like Button END -->\n","protected":false},"excerpt":{"rendered":"<p>&nbsp; BASE TERRITORIAL NOS MUNIC\u00cdPIOS DE: Nova Igua\u00e7u, Duque de Caxias, S\u00e3o Jo\u00e3o de Meriti, Nil\u00f3polis, Belford Roxo, Queimados, Japeri, Itagua\u00ed, Paracambi, Mangaratiba, Eng. Paulo de Frontin, Mendes, Miguel Pereira, Para\u00edba do Sul, Sapucaia, Tr\u00eas Rios, Areal, Comendador Levy Gasparian, Mesquita e Serop\u00e9dica. \u00a0 CONVEN\u00c7\u00c3O COLETIVA 2017 \/ 2018 Circular\u00a0 &hellip; <a class=\"continue-reading-link\" href=\"http:\/\/sindihoteis.com.br\/?page_id=36\"> Continue reading <span class=\"meta-nav\">&rarr; <\/span><\/a><\/p>\n","protected":false},"author":1,"featured_media":0,"parent":0,"menu_order":0,"comment_status":"open","ping_status":"open","template":"","meta":[],"_links":{"self":[{"href":"http:\/\/sindihoteis.com.br\/index.php?rest_route=\/wp\/v2\/pages\/36"}],"collection":[{"href":"http:\/\/sindihoteis.com.br\/index.php?rest_route=\/wp\/v2\/pages"}],"about":[{"href":"http:\/\/sindihoteis.com.br\/index.php?rest_route=\/wp\/v2\/types\/page"}],"author":[{"embeddable":true,"href":"http:\/\/sindihoteis.com.br\/index.php?rest_route=\/wp\/v2\/users\/1"}],"replies":[{"embeddable":true,"href":"http:\/\/sindihoteis.com.br\/index.php?rest_route=%2Fwp%2Fv2%2Fcomments&post=36"}],"version-history":[{"count":13,"href":"http:\/\/sindihoteis.com.br\/index.php?rest_route=\/wp\/v2\/pages\/36\/revisions"}],"predecessor-version":[{"id":780,"href":"http:\/\/sindihoteis.com.br\/index.php?rest_route=\/wp\/v2\/pages\/36\/revisions\/780"}],"wp:attachment":[{"href":"http:\/\/sindihoteis.com.br\/index.php?rest_route=%2Fwp%2Fv2%2Fmedia&parent=36"}],"curies":[{"name":"wp","href":"https:\/\/api.w.org\/{rel}","templated":true}]}}