{"id":339,"date":"2016-09-01T15:23:19","date_gmt":"2016-09-01T15:23:19","guid":{"rendered":"http:\/\/sindihoteis.com.br\/?page_id=339"},"modified":"2018-09-12T19:16:02","modified_gmt":"2018-09-12T19:16:02","slug":"convencoes-magaratiba","status":"publish","type":"page","link":"http:\/\/sindihoteis.com.br\/?page_id=339","title":{"rendered":"Conven\u00e7\u00f5es Mangaratiba"},"content":{"rendered":"\n<!-- Facebook Like Button v1.9.6 BEGIN [http:\/\/blog.bottomlessinc.com] -->\n<iframe src=\"http:\/\/www.facebook.com\/plugins\/like.php?href=http%3A%2F%2Fsindihoteis.com.br%2F%3Fpage_id%3D339&amp;layout=standard&amp;show_faces=false&amp;width=450&amp;action=like&amp;colorscheme=light\" scrolling=\"no\" frameborder=\"0\" allowTransparency=\"true\" style=\"border:none; overflow:hidden; width:450px; height: 30px; align: left; margin: 2px 0px 2px 0px\"><\/iframe>\n<!-- Facebook Like Button END -->\n<p>(Separadas por ano de vig\u00eancia. Verifique a data desejada e click no link ao lado)<\/p>\n<p><a title=\"Conven\u00e7\u00e3o Mangaratiba 2008 -2009\" href=\"http:\/\/sindihoteis.com.br\/?p=342\"><br \/>\nACORDO COLETIVO DE TRABALHO 2008\/2009<br \/>\nN\u00daMERO DE REGISTRO NO MTE: RJ000478\/2008<br \/>\nDATA DE REGISTRO NO MTE: 29\/10\/2008<br \/>\nN\u00daMERO DA SOLICITA\u00c7\u00c3O: MR018606\/2008<br \/>\nN\u00daMERO DO PROCESSO: 46215.036041\/2008-85<br \/>\nDATA DO PROTOCOLO: 30\/09\/2008<br \/>\nConfira a autenticidade no endere\u00e7o http:\/\/www3.mte.gov.br\/sistemas\/mediador\/.<\/a><\/p>\n<p><a title=\"Mangaratiba 2009 - 2010\" href=\"http:\/\/sindihoteis.com.br\/?p=337\">Conven\u00e7\u00e3o Mangaratiba 2009 &#8211; 2010<br \/>\nCONVEN\u00c7\u00c3O COLETIVA DE TRABALHO 2009\/2010<br \/>\nN\u00daMERO DE REGISTRO NO MTE: RJ000300\/2010<br \/>\nDATA DE REGISTRO NO MTE: 12\/02\/2010<br \/>\nN\u00daMERO DA SOLICITA\u00c7\u00c3O: MR048815\/2009<br \/>\nN\u00daMERO DO PROCESSO: 46215.483518\/2009-07<br \/>\nDATA DO PROTOCOLO: 13\/10\/2009<\/a><\/p>\n<p>Confira a autenticidade no endere\u00e7o http:\/\/www3.mte.gov.br\/sistemas\/mediador\/.<\/p>\n<p><a title=\"Mangaratiba 2010 - 2011\" href=\"http:\/\/sindihoteis.com.br\/?p=346\">CONVEN\u00c7\u00c3O COLETIVA DE TRABALHO 2010\/2011<br \/>\nN\u00daMERO DA SOLICITA\u00c7\u00c3O: MR054539\/2010<br \/>\nDATA E HOR\u00c1RIO DA TRANSMISS\u00c3O: 20\/10\/2010 \u00c0S 11:11<br \/>\nN\u00daMERO DO PROCESSO: 46215.036806\/2010-00<br \/>\nDATA DO PROTOCOLO: 22\/10\/2010<br \/>\nTERMOS ADITIVO(S) VINCULADO(S)<br \/>\nProcesso n\u00b0: 46215039679201173e Registro n\u00b0:<\/a><\/p>\n<p>SIND DE HOTEIS REST B E S DA BAIXADA E SUL FLUMINENSE, CNPJ n. 36.521.714\/0001-92<br \/>\nConfira a autenticidade no endere\u00e7o http:\/\/www3.mte.gov.br\/sistemas\/mediador\/.<\/p>\n<p>&nbsp;<\/p>\n<p><a title=\"Conven\u00e7\u00f5es Mangaratiba 2011-2012\" href=\"http:\/\/sindihoteis.com.br\/?p=353\">CONVEN\u00c7\u00c3O COLETIVA DE TRABALHO 2011\/2012<br \/>\nN\u00daMERO DE REGISTRO NO MTE: RJ002147\/2011<br \/>\nDATA DE REGISTRO NO MTE: 21\/10\/2011<br \/>\nN\u00daMERO DA SOLICITA\u00c7\u00c3O: MR060265\/2011<br \/>\nN\u00daMERO DO PROCESSO: 46215.039680\/2011-06<br \/>\nDATA DO PROTOCOLO: 13\/10\/2011<\/a><\/p>\n<p>Confira a autenticidade no endere\u00e7o http:\/\/www3.mte.gov.br\/sistemas\/mediador\/.<\/p>\n<p><a title=\"Mangaratiba 2012 - 2014\" href=\"http:\/\/sindihoteis.com.br\/?p=376\">CONVEN\u00c7\u00c3O COLETIVA DE TRABALHO 2012\/2014<br \/>\nN\u00daMERO DE REGISTRO NO MTE: RJ002394\/2013<br \/>\nDATA DE REGISTRO NO MTE: 06\/11\/2013<br \/>\nN\u00daMERO DA SOLICITA\u00c7\u00c3O: MR013432\/2013<br \/>\nN\u00daMERO DO PROCESSO: 46215.009857\/2013-01<br \/>\nDATA DO PROTOCOLO: 15\/04\/2013<\/a><\/p>\n<p>Confira a autenticidade no endere\u00e7o http:\/\/www3.mte.gov.br\/sistemas\/mediador\/.<\/p>\n<p><a title=\"Mangaratiba 2014 - 2015\" href=\"http:\/\/sindihoteis.com.br\/?p=359\">CONVEN\u00c7\u00c3O COLETIVA DE TRABALHO 2014\/2015<br \/>\nN\u00daMERO DE REGISTRO NOMTE: RJ000699\/2014<br \/>\nDATA DE REGISTRO NO MTE: 06\/05\/2014<br \/>\nN\u00daMERO DA SOLICITA\u00c7\u00c3O: MR011595\/2014<br \/>\nN\u00daMERO DO PROCESSO: 46215.005350\/2014\u00ad51<br \/>\nDATA DO PROTOCOLO: 11\/03\/2014<br \/>\nConfira a autenticidade no endere\u00e7o http:\/\/www3.mte.gov.br\/sistemas\/mediador\/.<\/a><\/p>\n<p><a title=\"Convencao Mangaratiba 2015 - 2016\" href=\"http:\/\/sindihoteis.com.br\/?p=473\">Conven\u00e7\u00e3o Coletiva De Trabalho 2015\/2016<br \/>\nN\u00daMERO DE REGISTRO NO MTE: RJ000995\/2015<br \/>\nDATA DE REGISTRO NO MTE: 18\/06\/2015<br \/>\nN\u00daMERO DA SOLICITA\u00c7\u00c3O: MR008364\/2015<br \/>\nN\u00daMERO DO PROCESSO: 46215.004409\/2015-75<br \/>\nDATA DO PROTOCOLO: 24\/02\/2015 <\/a><\/p>\n<p><a title=\"Convencao Mangaratiba 2016 - 2017 \" href=\"http:\/\/sindihoteis.com.br\/?p=476\">Conven\u00e7\u00e3o Coletiva De Trabalho 2016\/2017<br \/>\nN\u00daMERO DA SOLICITA\u00c7\u00c3O: MR018097\/2016<br \/>\nDATA E HOR\u00c1RIO DA TRANSMISS\u00c3O: 05\/04\/2016 \u00c0S 16:40<\/a><\/p>\n<p>&nbsp;<\/p>\n<table border=\"0\" width=\"674\" cellspacing=\"0\" cellpadding=\"0\">\n<colgroup>\n<col width=\"674\" \/><\/colgroup>\n<tbody>\n<tr>\n<td width=\"674\">\n<p align=\"CENTER\"><a title=\"Mangaratiba 2017 2018\" href=\"http:\/\/sindihoteis.com.br\/?p=653\"><b>Conven\u00e7\u00e3o Coletiva De Trabalho 2017\/2018<\/b><\/a><\/p>\n<\/td>\n<\/tr>\n<tr>\n<td width=\"674\">\n<table style=\"height: 302px;\" border=\"0\" width=\"650\" cellspacing=\"0\" cellpadding=\"0\">\n<colgroup>\n<col width=\"183\" \/>\n<col width=\"8\" \/>\n<col width=\"117\" \/><\/colgroup>\n<tbody>\n<tr>\n<td width=\"183\"><a title=\"Mangaratiba 2017 2018\" href=\"http:\/\/sindihoteis.com.br\/?p=653\"><b>N\u00daMERO DE REGISTRO NO MTE:<\/b><\/a><\/td>\n<td width=\"8\"><a title=\"Mangaratiba 2017 2018\" href=\"http:\/\/sindihoteis.com.br\/?p=653\">\u00a0<\/a><\/td>\n<td width=\"117\"><a title=\"Mangaratiba 2017 2018\" href=\"http:\/\/sindihoteis.com.br\/?p=653\">RJ001209\/2017<\/a><\/td>\n<\/tr>\n<tr>\n<td width=\"183\"><a title=\"Mangaratiba 2017 2018\" href=\"http:\/\/sindihoteis.com.br\/?p=653\"><b>DATA DE REGISTRO NO MTE:<\/b><\/a><\/td>\n<td width=\"8\"><a title=\"Mangaratiba 2017 2018\" href=\"http:\/\/sindihoteis.com.br\/?p=653\">\u00a0<\/a><\/td>\n<td width=\"117\"><a title=\"Mangaratiba 2017 2018\" href=\"http:\/\/sindihoteis.com.br\/?p=653\">03\/07\/2017<\/a><\/td>\n<\/tr>\n<tr>\n<td width=\"183\"><a title=\"Mangaratiba 2017 2018\" href=\"http:\/\/sindihoteis.com.br\/?p=653\"><b>N\u00daMERO DA SOLICITA\u00c7\u00c3O:<\/b><\/a><\/td>\n<td width=\"8\"><a title=\"Mangaratiba 2017 2018\" href=\"http:\/\/sindihoteis.com.br\/?p=653\">\u00a0<\/a><\/td>\n<td width=\"117\"><a title=\"Mangaratiba 2017 2018\" href=\"http:\/\/sindihoteis.com.br\/?p=653\">MR018854\/2017<\/a><\/td>\n<\/tr>\n<tr>\n<td width=\"183\"><a title=\"Mangaratiba 2017 2018\" href=\"http:\/\/sindihoteis.com.br\/?p=653\"><b>N\u00daMERO DO PROCESSO:<\/b><\/a><\/td>\n<td width=\"8\"><a title=\"Mangaratiba 2017 2018\" href=\"http:\/\/sindihoteis.com.br\/?p=653\">\u00a0<\/a><\/td>\n<td width=\"117\"><a title=\"Mangaratiba 2017 2018\" href=\"http:\/\/sindihoteis.com.br\/?p=653\">46215.006443\/2017-46<\/a><\/td>\n<\/tr>\n<tr>\n<td width=\"183\"><a title=\"Mangaratiba 2017 2018\" href=\"http:\/\/sindihoteis.com.br\/?p=653\"><b>DATA DO PROTOCOLO:<\/b><\/a><\/td>\n<td width=\"8\"><a title=\"Mangaratiba 2017 2018\" href=\"http:\/\/sindihoteis.com.br\/?p=653\">\u00a0<\/a><\/td>\n<td width=\"117\"><a title=\"Mangaratiba 2017 2018\" href=\"http:\/\/sindihoteis.com.br\/?p=653\">18\/04\/2017<\/a><\/td>\n<\/tr>\n<\/tbody>\n<\/table>\n<\/td>\n<\/tr>\n<\/tbody>\n<\/table>\n<p><a title=\"Mangaratiba 2018\/2019 CCT\" href=\"http:\/\/sindihoteis.com.br\/?p=799\">Conven\u00e7\u00e3o\u00a0Coletiva De Trabalho 2018\/2019\u00a0Mangaratiba 2018-2019\u00a0 N\u00daMERO DE REGISTRO NO MTE: RJ001250\/2018 DATA DE REGISTRO NO MTE: 09\/08\/2018 N\u00daMERO DA SOLICITA\u00c7\u00c3O: MR014876\/2018 N\u00daMERO DO PROCESSO: 46215.007033\/2018-01 DATA DO PROTOCOLO: 07\/05\/2018 \u00a0 Confira a autenticidade no endere\u00e7o http:\/\/www3.mte.gov.br\/sistemas\/mediador\/. SIND DE HOTEIS REST B E S DA BAIXADA E SUL FLUMINENSE, CNPJ n. 36.521.714\/0001-92<\/a><\/p>\n\n<!-- Facebook Like Button v1.9.6 BEGIN [http:\/\/blog.bottomlessinc.com] -->\n<iframe src=\"http:\/\/www.facebook.com\/plugins\/like.php?href=http%3A%2F%2Fsindihoteis.com.br%2F%3Fpage_id%3D339&amp;layout=standard&amp;show_faces=false&amp;width=450&amp;action=like&amp;colorscheme=light\" scrolling=\"no\" frameborder=\"0\" allowTransparency=\"true\" style=\"border:none; overflow:hidden; width:450px; height: 30px; align: left; margin: 2px 0px 2px 0px\"><\/iframe>\n<!-- Facebook Like Button END -->\n","protected":false},"excerpt":{"rendered":"<p>(Separadas por ano de vig\u00eancia. Verifique a data desejada e click no link ao lado) ACORDO COLETIVO DE TRABALHO 2008\/2009 N\u00daMERO DE REGISTRO NO MTE: RJ000478\/2008 DATA DE REGISTRO NO MTE: 29\/10\/2008 N\u00daMERO DA SOLICITA\u00c7\u00c3O: MR018606\/2008 N\u00daMERO DO PROCESSO: 46215.036041\/2008-85 DATA DO PROTOCOLO: 30\/09\/2008 Confira a autenticidade no endere\u00e7o http:\/\/www3.mte.gov.br\/sistemas\/mediador\/. &hellip; <a class=\"continue-reading-link\" href=\"http:\/\/sindihoteis.com.br\/?page_id=339\"> Continue reading <span class=\"meta-nav\">&rarr; <\/span><\/a><\/p>\n","protected":false},"author":1,"featured_media":0,"parent":0,"menu_order":0,"comment_status":"closed","ping_status":"closed","template":"","meta":[],"_links":{"self":[{"href":"http:\/\/sindihoteis.com.br\/index.php?rest_route=\/wp\/v2\/pages\/339"}],"collection":[{"href":"http:\/\/sindihoteis.com.br\/index.php?rest_route=\/wp\/v2\/pages"}],"about":[{"href":"http:\/\/sindihoteis.com.br\/index.php?rest_route=\/wp\/v2\/types\/page"}],"author":[{"embeddable":true,"href":"http:\/\/sindihoteis.com.br\/index.php?rest_route=\/wp\/v2\/users\/1"}],"replies":[{"embeddable":true,"href":"http:\/\/sindihoteis.com.br\/index.php?rest_route=%2Fwp%2Fv2%2Fcomments&post=339"}],"version-history":[{"count":16,"href":"http:\/\/sindihoteis.com.br\/index.php?rest_route=\/wp\/v2\/pages\/339\/revisions"}],"predecessor-version":[{"id":802,"href":"http:\/\/sindihoteis.com.br\/index.php?rest_route=\/wp\/v2\/pages\/339\/revisions\/802"}],"wp:attachment":[{"href":"http:\/\/sindihoteis.com.br\/index.php?rest_route=%2Fwp%2Fv2%2Fmedia&parent=339"}],"curies":[{"name":"wp","href":"https:\/\/api.w.org\/{rel}","templated":true}]}}