{"id":323,"date":"2016-08-27T01:55:29","date_gmt":"2016-08-27T01:55:29","guid":{"rendered":"http:\/\/sindihoteis.com.br\/?page_id=323"},"modified":"2023-03-15T15:03:03","modified_gmt":"2023-03-15T15:03:03","slug":"convencoes-tres-rios","status":"publish","type":"page","link":"http:\/\/sindihoteis.com.br\/?page_id=323","title":{"rendered":"Conven\u00e7\u00f5es Sul Fluminense 1"},"content":{"rendered":"\n<!-- Facebook Like Button v1.9.6 BEGIN [http:\/\/blog.bottomlessinc.com] -->\n<iframe src=\"http:\/\/www.facebook.com\/plugins\/like.php?href=http%3A%2F%2Fsindihoteis.com.br%2F%3Fpage_id%3D323&amp;layout=standard&amp;show_faces=false&amp;width=450&amp;action=like&amp;colorscheme=light\" scrolling=\"no\" frameborder=\"0\" allowTransparency=\"true\" style=\"border:none; overflow:hidden; width:450px; height: 30px; align: left; margin: 2px 0px 2px 0px\"><\/iframe>\n<!-- Facebook Like Button END -->\n<p>Abrang\u00eancia territorial em Engenheiro Paulo de Frontin\/RJ, Mendes\/RJ, Miguel Pereira\/RJ, Para\u00edba do Sul\/RJ, Sapucaia\/RJ e Tr\u00eas Rios\/RJ.<\/p>\n<p>(Separadas por ano de vig\u00eancia. Verifique a data desejada e click no link ao lado)<\/p>\n<p>Per\u00edodo 2008 a2015 Ap\u00f3s buscar na p\u00e1gina principal<\/p>\n<p><a title=\"Conven\u00e7\u00e3o tres Rios 2008-2009\" href=\"http:\/\/sindihoteis.com.br\/?p=325\">Conven\u00e7\u00e3o Tres Rios 2008-2009<br \/>\nCONVEN\u00c7\u00c3O COLETIVA DE TRABALHO 2008\/2009<br \/>\nN\u00daMERO DE REGISTRO NO MTE: RJ000452\/2008<br \/>\nDATA DE REGISTRO NO MTE: 20\/10\/2008<br \/>\nN\u00daMERO DA SOLICITA\u00c7\u00c3O: MR015771\/2008<br \/>\nN\u00daMERO DO PROCESSO: 46215.035717\/2008-13<br \/>\nDATA DO PROTOCOLO: 26\/09\/2008<br \/>\nConfira a autenticidade no endere\u00e7o http:\/\/www3.mte.gov.br\/sistemas\/mediador\/.<\/a><\/p>\n<p><a title=\"Conven\u00e7ao Tres Rios 2009-2010\" href=\"http:\/\/sindihoteis.com.br\/?p=329\">Conven\u00e7\u00e3o Tres Rios 2009-2010<br \/>\nCONVEN\u00c7\u00c3O COLETIVA DE TRABALHO 2009\/2010<br \/>\nN\u00daMERO DE REGISTRO NO MTE: RJ001716\/2009<br \/>\nDATA DE REGISTRO NO MTE: 04\/11\/2009<br \/>\nN\u00daMERO DA SOLICITA\u00c7\u00c3O: MR047541\/2009<br \/>\nN\u00daMERO DO PROCESSO: 46666.002567\/2009-34<br \/>\nDATA DO PROTOCOLO: 06\/10\/2009<br \/>\nConfira a autenticidade no endere\u00e7o http:\/\/www3.mte.gov.br\/sistemas\/mediador\/.<br \/>\n<\/a><\/p>\n<p><a title=\"Tres Rios 2010 -2011\" href=\"http:\/\/sindihoteis.com.br\/?p=447\"> Conven\u00e7\u00e3o Coletiva De Trabalho 2010\/2011<br \/>\nN\u00daMERO DE REGISTRO NO MTE: RJ002117\/2010<br \/>\nDATA DE REGISTRO NO MTE: 07\/10\/2010<br \/>\nN\u00daMERO DA SOLICITA\u00c7\u00c3O: MR053142\/2010<br \/>\nN\u00daMERO DO PROCESSO: 46666.002161\/2010-95<br \/>\nDATA DO PROTOCOLO: 30\/09\/2010<\/a><\/p>\n<p><a title=\"Convencao Tres Rios 2011 2012\" href=\"http:\/\/sindihoteis.com.br\/?p=451\">Conven\u00e7\u00e3o Coletiva De Trabalho 2011\/2012<br \/>\nN\u00daMERO DE REGISTRO NO MTE: RJ002196\/2011<br \/>\nDATA DE REGISTRO NO MTE: 26\/10\/2011<br \/>\nN\u00daMERO DA SOLICITA\u00c7\u00c3O: MR058317\/2011<br \/>\nN\u00daMERO DO PROCESSO: 46666.002391\/2011-35<br \/>\nDATA DO PROTOCOLO: 05\/10\/2011<\/a><\/p>\n<p><a title=\"Conven\u00e7\u00e3o Tres Rios 2012 - 2013\" href=\"http:\/\/sindihoteis.com.br\/?p=454\">Conven\u00e7\u00e3o Coletiva De Trabalho 2012\/2013<br \/>\nN\u00daMERO DE REGISTRO NO MTE: RJ002311\/2012<br \/>\nDATA DE REGISTRO NO MTE: 29\/10\/2012<br \/>\nN\u00daMERO DA SOLICITA\u00c7\u00c3O: MR061946\/2012<br \/>\nN\u00daMERO DO PROCESSO: 46666.002690\/2012-51<br \/>\nDATA DO PROTOCOLO: 18\/10\/2012 <\/a><\/p>\n<p><a title=\"Convencao Tres Rios 2013 -2014\" href=\"http:\/\/sindihoteis.com.br\/?p=459\">Conven\u00e7\u00e3o Coletiva De Trabalho 2013\/2014<br \/>\nN\u00daMERO DE REGISTRO NO MTE: RJ002733\/2013<br \/>\nDATA DE REGISTRO NO MTE: 30\/12\/2013<br \/>\nN\u00daMERO DA SOLICITA\u00c7\u00c3O: MR069781\/2013<br \/>\nN\u00daMERO DO PROCESSO: 46666.003026\/2013-18<br \/>\nDATA DO PROTOCOLO: 12\/11\/2013<\/a><br \/>\n<a title=\"Convencao Tres Rios 2014 - 2015\" href=\"http:\/\/sindihoteis.com.br\/?p=463\"><br \/>\nConven\u00e7\u00e3o Coletiva De Trabalho 2014\/2015<br \/>\nN\u00daMERO DE REGISTRO NO MTE: RJ002938\/2014<br \/>\nDATA DE REGISTRO NO MTE: 26\/12\/2014<br \/>\nN\u00daMERO DA SOLICITA\u00c7\u00c3O: MR063980\/2014<br \/>\nN\u00daMERO DO PROCESSO: 46666.002777\/2014-90<br \/>\nDATA DO PROTOCOLO: 06\/11\/2014 <\/a><\/p>\n<p><a title=\"Convencaop Tres Rios 2015 - 2016\" href=\"http:\/\/sindihoteis.com.br\/?p=469\">Conven\u00e7\u00e3o Coletiva De Trabalho 2015\/2016<br \/>\nN\u00daMERO DE REGISTRO NO MTE: RJ002515\/2015<br \/>\nDATA DE REGISTRO NO MTE: 11\/12\/2015<br \/>\nN\u00daMERO DA SOLICITA\u00c7\u00c3O: MR063839\/2015<br \/>\nN\u00daMERO DO PROCESSO: 46666.003558\/2015-17<br \/>\nDATA DO PROTOCOLO: 09\/10\/2015<\/a><\/p>\n<p>&nbsp;<\/p>\n<table>\n<tbody>\n<tr>\n<td>\n<table style=\"height: 236px;\" width=\"639\">\n<tbody>\n<tr>\n<td><a title=\"tres 2017 2018\" href=\"http:\/\/sindihoteis.com.br\/?p=738\"><strong>CONVEN\u00c7\u00c3O COLETIVA DE TRABALHO 2017\/2018\u00a0<\/strong><\/a><\/td>\n<\/tr>\n<tr>\n<td>\n<table width=\"715\">\n<tbody>\n<tr>\n<td><a title=\"tres 2017 2018\" href=\"http:\/\/sindihoteis.com.br\/?p=738\"><strong>N\u00daMERO DE REGISTRO NO MTE:<\/strong><\/a><\/td>\n<td><a title=\"tres 2017 2018\" href=\"http:\/\/sindihoteis.com.br\/?p=738\">\u00a0<\/a><\/td>\n<td><a title=\"tres 2017 2018\" href=\"http:\/\/sindihoteis.com.br\/?p=738\">RJ000269\/2018<\/a><\/td>\n<\/tr>\n<tr>\n<td><a title=\"tres 2017 2018\" href=\"http:\/\/sindihoteis.com.br\/?p=738\"><strong>DATA DE REGISTRO NO MTE:<\/strong><\/a><\/td>\n<td><a title=\"tres 2017 2018\" href=\"http:\/\/sindihoteis.com.br\/?p=738\">\u00a0<\/a><\/td>\n<td><a title=\"tres 2017 2018\" href=\"http:\/\/sindihoteis.com.br\/?p=738\">01\/02\/2018<\/a><\/td>\n<\/tr>\n<tr>\n<td><a title=\"tres 2017 2018\" href=\"http:\/\/sindihoteis.com.br\/?p=738\"><strong>N\u00daMERO DA SOLICITA\u00c7\u00c3O:<\/strong><\/a><\/td>\n<td><a title=\"tres 2017 2018\" href=\"http:\/\/sindihoteis.com.br\/?p=738\">\u00a0<\/a><\/td>\n<td><a title=\"tres 2017 2018\" href=\"http:\/\/sindihoteis.com.br\/?p=738\">MR069849\/2017<\/a><\/td>\n<\/tr>\n<tr>\n<td><a title=\"tres 2017 2018\" href=\"http:\/\/sindihoteis.com.br\/?p=738\"><strong>N\u00daMERO DO PROCESSO:<\/strong><\/a><\/td>\n<td><a title=\"tres 2017 2018\" href=\"http:\/\/sindihoteis.com.br\/?p=738\">\u00a0<\/a><\/td>\n<td><a title=\"tres 2017 2018\" href=\"http:\/\/sindihoteis.com.br\/?p=738\">46215.018530\/2017-46<\/a><\/td>\n<\/tr>\n<tr>\n<td><a title=\"tres 2017 2018\" href=\"http:\/\/sindihoteis.com.br\/?p=738\"><strong>DATA DO PROTOCOLO:<\/strong><\/a><\/td>\n<td><a title=\"tres 2017 2018\" href=\"http:\/\/sindihoteis.com.br\/?p=738\">\u00a0<\/a><\/td>\n<td><a title=\"tres 2017 2018\" href=\"http:\/\/sindihoteis.com.br\/?p=738\">31\/10\/2017<\/a><\/td>\n<\/tr>\n<\/tbody>\n<\/table>\n<p><a title=\"tres 2017 2018\" href=\"http:\/\/sindihoteis.com.br\/?p=738\"><strong>Confira a autenticidade no endere\u00e7o http:\/\/www3.mte.gov.br\/sistemas\/mediador\/.<\/strong><\/a><\/td>\n<\/tr>\n<\/tbody>\n<\/table>\n<\/td>\n<\/tr>\n<\/tbody>\n<\/table>\n\n<!-- Facebook Like Button v1.9.6 BEGIN [http:\/\/blog.bottomlessinc.com] -->\n<iframe src=\"http:\/\/www.facebook.com\/plugins\/like.php?href=http%3A%2F%2Fsindihoteis.com.br%2F%3Fpage_id%3D323&amp;layout=standard&amp;show_faces=false&amp;width=450&amp;action=like&amp;colorscheme=light\" scrolling=\"no\" frameborder=\"0\" allowTransparency=\"true\" style=\"border:none; overflow:hidden; width:450px; height: 30px; align: left; margin: 2px 0px 2px 0px\"><\/iframe>\n<!-- Facebook Like Button END -->\n","protected":false},"excerpt":{"rendered":"<p>Abrang\u00eancia territorial em Engenheiro Paulo de Frontin\/RJ, Mendes\/RJ, Miguel Pereira\/RJ, Para\u00edba do Sul\/RJ, Sapucaia\/RJ e Tr\u00eas Rios\/RJ. (Separadas por ano de vig\u00eancia. Verifique a data desejada e click no link ao lado) Per\u00edodo 2008 a2015 Ap\u00f3s buscar na p\u00e1gina principal Conven\u00e7\u00e3o Tres Rios 2008-2009 CONVEN\u00c7\u00c3O COLETIVA DE TRABALHO 2008\/2009 N\u00daMERO &hellip; <a class=\"continue-reading-link\" href=\"http:\/\/sindihoteis.com.br\/?page_id=323\"> Continue reading <span class=\"meta-nav\">&rarr; <\/span><\/a><\/p>\n","protected":false},"author":1,"featured_media":0,"parent":0,"menu_order":0,"comment_status":"closed","ping_status":"closed","template":"","meta":[],"_links":{"self":[{"href":"http:\/\/sindihoteis.com.br\/index.php?rest_route=\/wp\/v2\/pages\/323"}],"collection":[{"href":"http:\/\/sindihoteis.com.br\/index.php?rest_route=\/wp\/v2\/pages"}],"about":[{"href":"http:\/\/sindihoteis.com.br\/index.php?rest_route=\/wp\/v2\/types\/page"}],"author":[{"embeddable":true,"href":"http:\/\/sindihoteis.com.br\/index.php?rest_route=\/wp\/v2\/users\/1"}],"replies":[{"embeddable":true,"href":"http:\/\/sindihoteis.com.br\/index.php?rest_route=%2Fwp%2Fv2%2Fcomments&post=323"}],"version-history":[{"count":21,"href":"http:\/\/sindihoteis.com.br\/index.php?rest_route=\/wp\/v2\/pages\/323\/revisions"}],"predecessor-version":[{"id":891,"href":"http:\/\/sindihoteis.com.br\/index.php?rest_route=\/wp\/v2\/pages\/323\/revisions\/891"}],"wp:attachment":[{"href":"http:\/\/sindihoteis.com.br\/index.php?rest_route=%2Fwp%2Fv2%2Fmedia&parent=323"}],"curies":[{"name":"wp","href":"https:\/\/api.w.org\/{rel}","templated":true}]}}