{"id":290,"date":"2016-08-26T17:54:58","date_gmt":"2016-08-26T17:54:58","guid":{"rendered":"http:\/\/sindihoteis.com.br\/?page_id=290"},"modified":"2019-01-21T21:31:58","modified_gmt":"2019-01-21T21:31:58","slug":"convencoes-belford-roxo","status":"publish","type":"page","link":"http:\/\/sindihoteis.com.br\/?page_id=290","title":{"rendered":"Conven\u00e7\u00f5es Baixada 2"},"content":{"rendered":"\n<!-- Facebook Like Button v1.9.6 BEGIN [http:\/\/blog.bottomlessinc.com] -->\n<iframe src=\"http:\/\/www.facebook.com\/plugins\/like.php?href=http%3A%2F%2Fsindihoteis.com.br%2F%3Fpage_id%3D290&amp;layout=standard&amp;show_faces=false&amp;width=450&amp;action=like&amp;colorscheme=light\" scrolling=\"no\" frameborder=\"0\" allowTransparency=\"true\" style=\"border:none; overflow:hidden; width:450px; height: 30px; align: left; margin: 2px 0px 2px 0px\"><\/iframe>\n<!-- Facebook Like Button END -->\n<p>&nbsp;<\/p>\n<p>Verifique o ano de vig\u00eancia desejado e click no link abaixo referente ao ano.<\/p>\n<p>2009 a 2016<\/p>\n<p>Abrang\u00eancia territorial em Belford Roxo\/RJ, Japeri\/RJ, Mesquita\/RJ, Queimados\/RJ e Serop\u00e9dica\/RJ.<br \/>\n<a title=\"Conven\u00e7\u00e3o Belford Roxo  2009-2010\" href=\"http:\/\/sindihoteis.com.br\/?p=291\"><strong>Conven\u00e7\u00f5es Belford Roxo<\/strong><\/a><\/p>\n<p><a title=\"areal 2009 2010\" href=\"http:\/\/sindihoteis.com.br\/?p=379\"><strong> 2009-2010<br \/>\nCONVEN\u00c7\u00c3O COLETIVA DE TRABALHO 2009\/2010<br \/>\nN\u00daMERO DE REGISTRO NO MTE: RJ001630\/2009<br \/>\nDATA DE REGISTRO NO MTE: 22\/10\/2009<br \/>\nN\u00daMERO DA SOLICITA\u00c7\u00c3O: MR046839\/2009<br \/>\nN\u00daMERO DO PROCESSO: 46215.483517\/2009-54<br \/>\nDATA DO PROTOCOLO: 13\/10\/2009 <\/strong><\/a><\/p>\n<p><a title=\"areal 2009 2010\" href=\"http:\/\/sindihoteis.com.br\/?p=379\"><br \/>\n<strong>2010-2011<br \/>\nCONVEN\u00c7\u00c3O COLETIVA DE TRABALHO 2010\/2011<br \/>\nN\u00daMERO DE REGISTRO NO MTE: RJ002325\/2010<br \/>\nDATA DE REGISTRO NO MTE: 28\/10\/2010<br \/>\nN\u00daMERO DA SOLICITA\u00c7\u00c3O: MR055205\/2010<br \/>\nN\u00daMERO DO PROCESSO: 46215.036168\/2010-19<br \/>\nDATA DO PROTOCOLO: 19\/10\/2010 <\/strong><\/a><\/p>\n<p>&nbsp;<\/p>\n<p><strong><a title=\"Areal 2011 2012\" href=\"http:\/\/sindihoteis.com.br\/?p=391\">2011-2012<\/a><br \/>\n<a title=\"Areal 2011 2012\" href=\"http:\/\/sindihoteis.com.br\/?p=391\"> CONVEN\u00c7\u00c3O COLETIVA DE TRABALHO 2011\/2012<\/a><br \/>\n<a title=\"Areal 2011 2012\" href=\"http:\/\/sindihoteis.com.br\/?p=391\"> N\u00daMERO DE REGISTRO NO MTE: RJ000243\/2012<\/a><br \/>\n<a title=\"Areal 2011 2012\" href=\"http:\/\/sindihoteis.com.br\/?p=391\"> DATA DE REGISTRO NO MTE: 24\/02\/2012<\/a><br \/>\n<a title=\"Areal 2011 2012\" href=\"http:\/\/sindihoteis.com.br\/?p=391\"> N\u00daMERO DA SOLICITA\u00c7\u00c3O: MR059789\/2011<\/a><br \/>\n<a title=\"Areal 2011 2012\" href=\"http:\/\/sindihoteis.com.br\/?p=391\"> N\u00daMERO DO PROCESSO: 46215.002220\/2012-03<\/a><br \/>\n<a title=\"Areal 2011 2012\" href=\"http:\/\/sindihoteis.com.br\/?p=391\"> DATA DO PROTOCOLO: 23\/01\/2012<\/a><br \/>\n<\/strong><\/p>\n<p>&nbsp;<\/p>\n<p><a title=\"Areal 2012 2013\" href=\"http:\/\/sindihoteis.com.br\/?p=399\"><strong>2012-2013<br \/>\nCONVEN\u00c7\u00c3O COLETIVA DE TRABALHO 2012\/2013<br \/>\nN\u00daMERO DE REGISTRO NO MTE: RJ002412\/2012<br \/>\nDATA DE REGISTRO NO MTE: 09\/11\/2012<br \/>\nN\u00daMERO DA SOLICITA\u00c7\u00c3O: MR058541\/2012<br \/>\nN\u00daMERO DO PROCESSO: 46215.029572\/2012-06<br \/>\nDATA DO PROTOCOLO: 05\/11\/2012 <\/strong><\/a><br \/>\n<a title=\"Areal 2013 2014\" href=\"http:\/\/sindihoteis.com.br\/?p=402\">2013-2014<\/a><br \/>\n<a title=\"Areal 2013 2014\" href=\"http:\/\/sindihoteis.com.br\/?p=402\"> CONVEN\u00c7\u00c3O COLETIVA DE TRABALHO 2013\/2014<\/a><br \/>\n<a title=\"Areal 2013 2014\" href=\"http:\/\/sindihoteis.com.br\/?p=402\"> N\u00daMERO DA SOLICITA\u00c7\u00c3O: MR066488\/2013<\/a><br \/>\n<a title=\"Areal 2013 2014\" href=\"http:\/\/sindihoteis.com.br\/?p=402\"> DATA E HOR\u00c1RIO DA TRANSMISS\u00c3O: 25\/10\/2013 \u00c0S 16:46<\/a><br \/>\n<a title=\"Areal 2013 2014\" href=\"http:\/\/sindihoteis.com.br\/?p=402\"> N\u00daMERO DO PROCESSO: 46215.025213\/2013-52<\/a><br \/>\n<a title=\"Areal 2013 2014\" href=\"http:\/\/sindihoteis.com.br\/?p=402\"> DATA DO PROTOCOLO: 29\/10\/2013ord Roxo 2<\/a><\/p>\n<p><a title=\"Conven\u00e7\u00e3o Belford Roxo 2015-2016\" href=\"http:\/\/sindihoteis.com.br\/?p=315\">Belford Roxo 2014-2015<br \/>\n<strong>CONVEN\u00c7\u00c3O COLETIVA DE TRABALHO 2014\/2015<br \/>\nN\u00daMERO DE REGISTRO NO MTE: RJ002135\/2015<br \/>\nDATA DE REGISTRO NO MTE: 22\/10\/2015<br \/>\nN\u00daMERO DA SOLICITA\u00c7\u00c3O: MR064483\/2014<br \/>\nN\u00daMERO DO PROCESSO: 46215.023110\/2014-39<br \/>\nDATA DO PROTOCOLO: 20\/10\/2014 <\/strong><\/a><\/p>\n<p><a title=\"Belford Roxo 2015 - 2-16\" href=\"http:\/\/sindihoteis.com.br\/?p=433\">Conven\u00e7\u00e3o Coletiva De Trabalho 2015\/2016<br \/>\nN\u00daMERO DA SOLICITA\u00c7\u00c3O:MR065475\/2015<br \/>\nDATA E HOR\u00c1RIO DA TRANSMISS\u00c3O:09\/10\/2015 \u00c0S 17:01<br \/>\nN\u00daMERO DO PROCESSO:46215.031056\/2015-86<br \/>\nDATA DO PROTOCOLO:23\/10\/2015<br \/>\n<\/a><\/p>\n<p>&nbsp;<\/p>\n<table width=\"982\">\n<tbody>\n<tr>\n<td><a title=\"Areal 2016 2017\" href=\"http:\/\/sindihoteis.com.br\/?p=618\"><strong>CONVEN\u00c7\u00c3O COLETIVA DE TRABALHO 2016\/2017<\/strong><\/a><\/td>\n<\/tr>\n<tr>\n<td>\n<table width=\"973\">\n<tbody>\n<tr>\n<td><a title=\"Areal 2016 2017\" href=\"http:\/\/sindihoteis.com.br\/?p=618\"><strong>N\u00daMERO DE REGISTRO NO MTE:<\/strong><\/a><\/td>\n<td><a title=\"Areal 2016 2017\" href=\"http:\/\/sindihoteis.com.br\/?p=618\">\u00a0<\/a><\/td>\n<td><a title=\"Areal 2016 2017\" href=\"http:\/\/sindihoteis.com.br\/?p=618\">RJ000298\/2017<\/a><\/td>\n<\/tr>\n<tr>\n<td><a title=\"Areal 2016 2017\" href=\"http:\/\/sindihoteis.com.br\/?p=618\"><strong>DATA DE REGISTRO NO MTE:<\/strong><\/a><\/td>\n<td><a title=\"Areal 2016 2017\" href=\"http:\/\/sindihoteis.com.br\/?p=618\">\u00a0<\/a><\/td>\n<td><a title=\"Areal 2016 2017\" href=\"http:\/\/sindihoteis.com.br\/?p=618\">21\/02\/2017<\/a><\/td>\n<\/tr>\n<tr>\n<td><a title=\"Areal 2016 2017\" href=\"http:\/\/sindihoteis.com.br\/?p=618\"><strong>N\u00daMERO DA SOLICITA\u00c7\u00c3O:<\/strong><\/a><\/td>\n<td><a title=\"Areal 2016 2017\" href=\"http:\/\/sindihoteis.com.br\/?p=618\">\u00a0<\/a><\/td>\n<td><a title=\"Areal 2016 2017\" href=\"http:\/\/sindihoteis.com.br\/?p=618\">MR002303\/2017<\/a><\/td>\n<\/tr>\n<tr>\n<td><a title=\"Areal 2016 2017\" href=\"http:\/\/sindihoteis.com.br\/?p=618\"><strong>N\u00daMERO DO PROCESSO:<\/strong><\/a><\/td>\n<td><a title=\"Areal 2016 2017\" href=\"http:\/\/sindihoteis.com.br\/?p=618\">\u00a0<\/a><\/td>\n<td><a title=\"Areal 2016 2017\" href=\"http:\/\/sindihoteis.com.br\/?p=618\">46666.000210\/2017-21<\/a><\/td>\n<\/tr>\n<tr>\n<td><a title=\"Areal 2016 2017\" href=\"http:\/\/sindihoteis.com.br\/?p=618\"><strong>DATA DO PROTOCOLO:<\/strong><\/a><\/td>\n<td><a title=\"Areal 2016 2017\" href=\"http:\/\/sindihoteis.com.br\/?p=618\">\u00a0<\/a><\/td>\n<td><a title=\"Areal 2016 2017\" href=\"http:\/\/sindihoteis.com.br\/?p=618\">24\/01\/2017<\/a><\/td>\n<\/tr>\n<\/tbody>\n<\/table>\n<p><a title=\"Areal 2016 2017\" href=\"http:\/\/sindihoteis.com.br\/?p=618\"><strong>Confira a autenticidade no endere\u00e7o http:\/\/www3.mte.gov.br\/sistemas\/mediador\/.<\/strong><\/a><\/td>\n<\/tr>\n<\/tbody>\n<\/table>\n<p>&nbsp;<\/p>\n<table style=\"height: 234px;\" width=\"969\">\n<tbody>\n<tr>\n<td><a title=\"Belford roxo 2017 2018\" href=\"http:\/\/sindihoteis.com.br\/?p=707\"><strong>Conven\u00e7\u00e3o 2017 \/ 2018 Belford Roxo<\/strong><\/a><a title=\"Belford roxo 2017 2018\" href=\"http:\/\/sindihoteis.com.br\/?p=707\"><strong>N\u00daMERO DE REGISTRO NO MTE:<\/strong><\/a><\/td>\n<td width=\"10\"><a title=\"Belford roxo 2017 2018\" href=\"http:\/\/sindihoteis.com.br\/?p=707\">\u00a0<\/a><\/td>\n<td><a title=\"Belford roxo 2017 2018\" href=\"http:\/\/sindihoteis.com.br\/?p=707\">RJ002690\/2017<\/a><\/td>\n<\/tr>\n<tr>\n<td><a title=\"Belford roxo 2017 2018\" href=\"http:\/\/sindihoteis.com.br\/?p=707\"><strong>DATA DE REGISTRO NO MTE:<\/strong><\/a><\/td>\n<td width=\"10\"><a title=\"Belford roxo 2017 2018\" href=\"http:\/\/sindihoteis.com.br\/?p=707\">\u00a0<\/a><\/td>\n<td><a title=\"Belford roxo 2017 2018\" href=\"http:\/\/sindihoteis.com.br\/?p=707\">29\/11\/2017<\/a><\/td>\n<\/tr>\n<tr>\n<td><a title=\"Belford roxo 2017 2018\" href=\"http:\/\/sindihoteis.com.br\/?p=707\"><strong>N\u00daMERO DA SOLICITA\u00c7\u00c3O:<\/strong><\/a><\/td>\n<td width=\"10\"><a title=\"Belford roxo 2017 2018\" href=\"http:\/\/sindihoteis.com.br\/?p=707\">\u00a0<\/a><\/td>\n<td><a title=\"Belford roxo 2017 2018\" href=\"http:\/\/sindihoteis.com.br\/?p=707\">MR069386\/2017<\/a><\/td>\n<\/tr>\n<tr>\n<td><a title=\"Belford roxo 2017 2018\" href=\"http:\/\/sindihoteis.com.br\/?p=707\"><strong>N\u00daMERO DO PROCESSO:<\/strong><\/a><\/td>\n<td width=\"10\"><a title=\"Belford roxo 2017 2018\" href=\"http:\/\/sindihoteis.com.br\/?p=707\">\u00a0<\/a><\/td>\n<td><a title=\"Belford roxo 2017 2018\" href=\"http:\/\/sindihoteis.com.br\/?p=707\">46215.019398\/2017-90<\/a><\/td>\n<\/tr>\n<tr>\n<td><a title=\"Belford roxo 2017 2018\" href=\"http:\/\/sindihoteis.com.br\/?p=707\"><strong>DATA DO PROTOCOLO:<\/strong><\/a><\/td>\n<td width=\"10\"><a title=\"Belford roxo 2017 2018\" href=\"http:\/\/sindihoteis.com.br\/?p=707\">\u00a0<\/a><\/td>\n<td><a title=\"Belford roxo 2017 2018\" href=\"http:\/\/sindihoteis.com.br\/?p=707\">10\/11\/2017<\/a><\/td>\n<\/tr>\n<\/tbody>\n<\/table>\n<p>&nbsp;<\/p>\n<table width=\"100%\">\n<tbody>\n<tr>\n<td><a title=\"belford roxo 2018 2019\" href=\"http:\/\/sindihoteis.com.br\/?p=822\"><strong>Conven\u00e7\u00e3o Coletiva De Trabalho 2018\/2019<\/strong><\/a><\/td>\n<\/tr>\n<tr>\n<td>\n<table>\n<tbody>\n<tr>\n<td><a title=\"belford roxo 2018 2019\" href=\"http:\/\/sindihoteis.com.br\/?p=822\"><strong>N\u00daMERO DE REGISTRO NO MTE:<\/strong><\/a><\/td>\n<td width=\"10\"><a title=\"belford roxo 2018 2019\" href=\"http:\/\/sindihoteis.com.br\/?p=822\">\u00a0<\/a><\/td>\n<td><a title=\"belford roxo 2018 2019\" href=\"http:\/\/sindihoteis.com.br\/?p=822\">RJ002272\/2018<\/a><\/td>\n<\/tr>\n<tr>\n<td><a title=\"belford roxo 2018 2019\" href=\"http:\/\/sindihoteis.com.br\/?p=822\"><strong>DATA DE REGISTRO NO MTE:<\/strong><\/a><\/td>\n<td width=\"10\"><a title=\"belford roxo 2018 2019\" href=\"http:\/\/sindihoteis.com.br\/?p=822\">\u00a0<\/a><\/td>\n<td><a title=\"belford roxo 2018 2019\" href=\"http:\/\/sindihoteis.com.br\/?p=822\">14\/12\/2018<\/a><\/td>\n<\/tr>\n<tr>\n<td><a title=\"belford roxo 2018 2019\" href=\"http:\/\/sindihoteis.com.br\/?p=822\"><strong>N\u00daMERO DA SOLICITA\u00c7\u00c3O:<\/strong><\/a><\/td>\n<td width=\"10\"><a title=\"belford roxo 2018 2019\" href=\"http:\/\/sindihoteis.com.br\/?p=822\">\u00a0<\/a><\/td>\n<td><a title=\"belford roxo 2018 2019\" href=\"http:\/\/sindihoteis.com.br\/?p=822\">MR070515\/2018<\/a><\/td>\n<\/tr>\n<tr>\n<td><a title=\"belford roxo 2018 2019\" href=\"http:\/\/sindihoteis.com.br\/?p=822\"><strong>N\u00daMERO DO PROCESSO:<\/strong><\/a><\/td>\n<td width=\"10\"><a title=\"belford roxo 2018 2019\" href=\"http:\/\/sindihoteis.com.br\/?p=822\">\u00a0<\/a><\/td>\n<td><a title=\"belford roxo 2018 2019\" href=\"http:\/\/sindihoteis.com.br\/?p=822\">46215.018953\/2018-47<\/a><\/td>\n<\/tr>\n<tr>\n<td><a title=\"belford roxo 2018 2019\" href=\"http:\/\/sindihoteis.com.br\/?p=822\"><strong>DATA DO PROTOCOLO:<\/strong><\/a><\/td>\n<td width=\"10\"><a title=\"belford roxo 2018 2019\" href=\"http:\/\/sindihoteis.com.br\/?p=822\">\u00a0<\/a><\/td>\n<td><a title=\"belford roxo 2018 2019\" href=\"http:\/\/sindihoteis.com.br\/?p=822\">07\/12\/2018<\/a><\/td>\n<\/tr>\n<\/tbody>\n<\/table>\n<\/td>\n<\/tr>\n<\/tbody>\n<\/table>\n\n<!-- Facebook Like Button v1.9.6 BEGIN [http:\/\/blog.bottomlessinc.com] -->\n<iframe src=\"http:\/\/www.facebook.com\/plugins\/like.php?href=http%3A%2F%2Fsindihoteis.com.br%2F%3Fpage_id%3D290&amp;layout=standard&amp;show_faces=false&amp;width=450&amp;action=like&amp;colorscheme=light\" scrolling=\"no\" frameborder=\"0\" allowTransparency=\"true\" style=\"border:none; overflow:hidden; width:450px; height: 30px; align: left; margin: 2px 0px 2px 0px\"><\/iframe>\n<!-- Facebook Like Button END -->\n","protected":false},"excerpt":{"rendered":"<p>&nbsp; Verifique o ano de vig\u00eancia desejado e click no link abaixo referente ao ano. 2009 a 2016 Abrang\u00eancia territorial em Belford Roxo\/RJ, Japeri\/RJ, Mesquita\/RJ, Queimados\/RJ e Serop\u00e9dica\/RJ. Conven\u00e7\u00f5es Belford Roxo 2009-2010 CONVEN\u00c7\u00c3O COLETIVA DE TRABALHO 2009\/2010 N\u00daMERO DE REGISTRO NO MTE: RJ001630\/2009 DATA DE REGISTRO NO MTE: 22\/10\/2009 N\u00daMERO &hellip; <a class=\"continue-reading-link\" href=\"http:\/\/sindihoteis.com.br\/?page_id=290\"> Continue reading <span class=\"meta-nav\">&rarr; <\/span><\/a><\/p>\n","protected":false},"author":1,"featured_media":0,"parent":0,"menu_order":0,"comment_status":"closed","ping_status":"closed","template":"","meta":[],"_links":{"self":[{"href":"http:\/\/sindihoteis.com.br\/index.php?rest_route=\/wp\/v2\/pages\/290"}],"collection":[{"href":"http:\/\/sindihoteis.com.br\/index.php?rest_route=\/wp\/v2\/pages"}],"about":[{"href":"http:\/\/sindihoteis.com.br\/index.php?rest_route=\/wp\/v2\/types\/page"}],"author":[{"embeddable":true,"href":"http:\/\/sindihoteis.com.br\/index.php?rest_route=\/wp\/v2\/users\/1"}],"replies":[{"embeddable":true,"href":"http:\/\/sindihoteis.com.br\/index.php?rest_route=%2Fwp%2Fv2%2Fcomments&post=290"}],"version-history":[{"count":27,"href":"http:\/\/sindihoteis.com.br\/index.php?rest_route=\/wp\/v2\/pages\/290\/revisions"}],"predecessor-version":[{"id":826,"href":"http:\/\/sindihoteis.com.br\/index.php?rest_route=\/wp\/v2\/pages\/290\/revisions\/826"}],"wp:attachment":[{"href":"http:\/\/sindihoteis.com.br\/index.php?rest_route=%2Fwp%2Fv2%2Fmedia&parent=290"}],"curies":[{"name":"wp","href":"https:\/\/api.w.org\/{rel}","templated":true}]}}