{"id":29,"date":"2015-01-15T16:43:05","date_gmt":"2015-01-15T16:43:05","guid":{"rendered":"http:\/\/sindihoteis.com.br\/?page_id=29"},"modified":"2023-03-15T18:46:37","modified_gmt":"2023-03-15T18:46:37","slug":"parcerias","status":"publish","type":"page","link":"http:\/\/sindihoteis.com.br\/?page_id=29","title":{"rendered":"Parcerias"},"content":{"rendered":"\n<!-- Facebook Like Button v1.9.6 BEGIN [http:\/\/blog.bottomlessinc.com] -->\n<iframe src=\"http:\/\/www.facebook.com\/plugins\/like.php?href=http%3A%2F%2Fsindihoteis.com.br%2F%3Fpage_id%3D29&amp;layout=standard&amp;show_faces=false&amp;width=450&amp;action=like&amp;colorscheme=light\" scrolling=\"no\" frameborder=\"0\" allowTransparency=\"true\" style=\"border:none; overflow:hidden; width:450px; height: 30px; align: left; margin: 2px 0px 2px 0px\"><\/iframe>\n<!-- Facebook Like Button END -->\n<p><a href=\"http:\/\/sindihoteis.com.br\/wp-content\/uploads\/2017\/11\/1sind1.jpg\"><img decoding=\"async\" loading=\"lazy\" class=\"alignnone size-full wp-image-686\" src=\"http:\/\/sindihoteis.com.br\/wp-content\/uploads\/2017\/11\/1sind1.jpg\" alt=\"1sind[1]\" width=\"630\" height=\"278\" srcset=\"http:\/\/sindihoteis.com.br\/wp-content\/uploads\/2017\/11\/1sind1.jpg 630w, http:\/\/sindihoteis.com.br\/wp-content\/uploads\/2017\/11\/1sind1-300x132.jpg 300w\" sizes=\"(max-width: 630px) 100vw, 630px\" \/><\/a>FBHA<\/p>\n<p>O \u00a0Sindihoteis \u00a0Baixada e Sul Fluminense est\u00e1 desenvolvendo uma grande campanha de motiva\u00e7\u00e3o e reestrutura\u00e7\u00e3o junto com seus novos parceiros. Nesta fase teremos cursos de qualifica\u00e7\u00e3o do setor.<\/p>\n<ol>\n<li style=\"text-align: left;\"><em><strong>Consultoria jur\u00eddica,<\/strong><\/em><\/li>\n<li style=\"text-align: left;\"><em><strong>Desconto em certifica\u00e7\u00e3o digital,<\/strong><\/em><\/li>\n<li style=\"text-align: left;\"><em><strong>E muito mais&#8230; acompanhe as novidades pelas nossas redes sociais.<\/strong><\/em><\/li>\n<\/ol>\n<p><strong>O Sistema de Representa\u00e7\u00e3o Sindical Patronal Voltado \u00e0 Defesa dos Interesses de Hot\u00e9is, Restaurantes, Bares e Similares.<\/strong><\/p>\n<p>O Sistema de Representa\u00e7\u00e3o Sindical Patronal, correspondente \u00e0s atividades de hospedagem e com\u00e9rcio varejista de alimenta\u00e7\u00e3o preparada\/bebidas opera na retaguarda da atua\u00e7\u00e3o empresarial, voltado \u00e0 defesa dos seus interesses, em todas as esferas e inst\u00e2ncias.<\/p>\n<p>Os sindicatos patronais representantes de hot\u00e9is, restaurantes, bares e similares estabelecidos em todo o territ\u00f3rio nacional, s\u00e3o coordenados pela Federa\u00e7\u00e3o Brasileira de Hospedagem e Alimenta\u00e7\u00e3o \u2013 FBHA, a qual age de forma proativa junto \u00e0 C\u00e2mara dos Deputados, Senado Federal, Minist\u00e9rios, Poder Judici\u00e1rio, Ag\u00eancias Reguladoras e outros \u00f3rg\u00e3os tomadores de decis\u00e3o do Governo Federal. Operam, ainda, junto \u00e0s Assembleias Legislativas, C\u00e2maras de Vereadores, Secretarias e nos diversos locais e foros em que as decis\u00f5es de agentes p\u00fablicos ou privados s\u00e3o capazes de afetar a competitividade e o custo da produ\u00e7\u00e3o s\u00e3o tomadas, especialmente quanto \u00e0 negocia\u00e7\u00e3o salarial anual realizada nas datas-bases, com as representa\u00e7\u00f5es sindicais de trabalhadores, altera\u00e7\u00e3o das normas trabalhistas e aumento de tributos. Composto pelos seus pr\u00f3prios empres\u00e1rios, o Sistema de Representa\u00e7\u00e3o Patronal dos setores de hospedagem e varejo de alimenta\u00e7\u00e3o preparada\/bebidas, busca assegurar condi\u00e7\u00f5es prop\u00edcias \u00e0 gera\u00e7\u00e3o de resultados positivos e desenvolvimento equilibrado da sociedade e do mercado de consumo.<\/p>\n<p><strong>Contribui\u00e7\u00e3o Sindical Patronal : A Base da Manuten\u00e7\u00e3o do Sistema de Representa\u00e7\u00e3o Sindical Patronal para Hospedagem e Varejo de Alimenta\u00e7\u00e3o Preparada\/Bebidas<br \/>\n<\/strong><br \/>\nA manuten\u00e7\u00e3o dos sindicatos e da FBHA torna-se poss\u00edvel com base na arrecada\u00e7\u00e3o da Contribui\u00e7\u00e3o Sindical Patronal, que \u00e9 realizada uma vez ao ano, sempre em Janeiro, e tem amparo na Lei (CLT) e na Constitui\u00e7\u00e3o Federal. \u00c9 o pagamento da contribui\u00e7\u00e3o que permite ao Sistema de Representa\u00e7\u00e3o Sindical para hospedagem e alimenta\u00e7\u00e3o continuar defendendo os interesses empresariais, na busca por condi\u00e7\u00f5es mais justas para condu\u00e7\u00e3o desses neg\u00f3cios.<br \/>\nTrata-se contribui\u00e7\u00e3o espont\u00e2nea, que deve ser paga por todos os hot\u00e9is, restaurantes, bares e similares, independente porte ou tamanho, cobrado pelas entidades sindicais\/Minist\u00e9rio do Trabalho e Emprego e arrecadado pela Caixa Econ\u00f4mica Federal (CEF). Os valores a serem recolhidos dever\u00e3o obedecer \u00e0s condi\u00e7\u00f5es da tabela divulgada pela CNC \u2013 Confedera\u00e7\u00e3o Nacional do Com\u00e9rcio de Bens, Servi\u00e7os e Turismo e variam de acordo com o montante do capital social integralizado. O n\u00e3o pagamento da referida contribui\u00e7\u00e3o coloca em risco a continuidade do Sistema de Representa\u00e7\u00e3o Sindical dos meios de hospedagem e alimenta\u00e7\u00e3o preparada\/bebidas, expondo as empresas a cen\u00e1rios nocivos aos seus neg\u00f3cios.<\/p>\n<p><strong>O Que \u00e9 Categoria Econ\u00f4mica? E uma Entidade Sindical?<\/strong><\/p>\n<p>De acordo com o Artigo 511 da CLT, a solidariedade de interesses econ\u00f4micos dos que empreendem atividades id\u00eanticas, similares ou conexas, constitui o v\u00ednculo social b\u00e1sico que se denomina categoria econ\u00f4mica. Por sua vez, \u00e9 l\u00edcito que integrantes de uma categoria econ\u00f4mica, a exemplo de hot\u00e9is, restaurantes, bares e similares, se re\u00fanam, em associa\u00e7\u00e3o e formem uma Entidade Sindical (Sindicato Patronal), para fins de estudo, defesa e coordena\u00e7\u00e3o dos seus interesses econ\u00f4micos.<\/p>\n<p><strong>Import\u00e2ncia das Entidades Sindicais<\/strong><\/p>\n<p>As Entidades Sindicais t\u00eam papel fundamental na rela\u00e7\u00e3o de emprego, gera\u00e7\u00e3o de riquezas e crescimento da sociedade, al\u00e9m de contribuir para o desenvolvimento dos neg\u00f3cios de seus representados por meio da defesa de interesses e da presta\u00e7\u00e3o de servi\u00e7os sindicais coletivos, cabendo-lhe, por imposi\u00e7\u00e3o do artigo 8\u00ba, III, da Constitui\u00e7\u00e3o Federal, \u201cA defesa dos direitos e interesses coletivos ou individuais da categoria, inclusive em quest\u00f5es judiciais ou administrativas\u201d.<\/p>\n<p>&nbsp;<\/p>\n<p>Fonte\u00a0https:\/<a href=\"https:\/\/www.portaldocomercio.org.br\/entidade\/fbha\">\/www.portaldocomercio.org.br\/entidade\/fbha<\/a><\/p>\n\n<!-- Facebook Like Button v1.9.6 BEGIN [http:\/\/blog.bottomlessinc.com] -->\n<iframe src=\"http:\/\/www.facebook.com\/plugins\/like.php?href=http%3A%2F%2Fsindihoteis.com.br%2F%3Fpage_id%3D29&amp;layout=standard&amp;show_faces=false&amp;width=450&amp;action=like&amp;colorscheme=light\" scrolling=\"no\" frameborder=\"0\" allowTransparency=\"true\" style=\"border:none; overflow:hidden; width:450px; height: 30px; align: left; margin: 2px 0px 2px 0px\"><\/iframe>\n<!-- Facebook Like Button END -->\n","protected":false},"excerpt":{"rendered":"<p>FBHA O \u00a0Sindihoteis \u00a0Baixada e Sul Fluminense est\u00e1 desenvolvendo uma grande campanha de motiva\u00e7\u00e3o e reestrutura\u00e7\u00e3o junto com seus novos parceiros. Nesta fase teremos cursos de qualifica\u00e7\u00e3o do setor. Consultoria jur\u00eddica, Desconto em certifica\u00e7\u00e3o digital, E muito mais&#8230; acompanhe as novidades pelas nossas redes sociais. O Sistema de Representa\u00e7\u00e3o Sindical &hellip; <a class=\"continue-reading-link\" href=\"http:\/\/sindihoteis.com.br\/?page_id=29\"> Continue reading <span class=\"meta-nav\">&rarr; <\/span><\/a><\/p>\n","protected":false},"author":1,"featured_media":23,"parent":0,"menu_order":0,"comment_status":"open","ping_status":"open","template":"","meta":[],"_links":{"self":[{"href":"http:\/\/sindihoteis.com.br\/index.php?rest_route=\/wp\/v2\/pages\/29"}],"collection":[{"href":"http:\/\/sindihoteis.com.br\/index.php?rest_route=\/wp\/v2\/pages"}],"about":[{"href":"http:\/\/sindihoteis.com.br\/index.php?rest_route=\/wp\/v2\/types\/page"}],"author":[{"embeddable":true,"href":"http:\/\/sindihoteis.com.br\/index.php?rest_route=\/wp\/v2\/users\/1"}],"replies":[{"embeddable":true,"href":"http:\/\/sindihoteis.com.br\/index.php?rest_route=%2Fwp%2Fv2%2Fcomments&post=29"}],"version-history":[{"count":8,"href":"http:\/\/sindihoteis.com.br\/index.php?rest_route=\/wp\/v2\/pages\/29\/revisions"}],"predecessor-version":[{"id":909,"href":"http:\/\/sindihoteis.com.br\/index.php?rest_route=\/wp\/v2\/pages\/29\/revisions\/909"}],"wp:featuredmedia":[{"embeddable":true,"href":"http:\/\/sindihoteis.com.br\/index.php?rest_route=\/wp\/v2\/media\/23"}],"wp:attachment":[{"href":"http:\/\/sindihoteis.com.br\/index.php?rest_route=%2Fwp%2Fv2%2Fmedia&parent=29"}],"curies":[{"name":"wp","href":"https:\/\/api.w.org\/{rel}","templated":true}]}}