{"id":254,"date":"2016-08-17T18:07:55","date_gmt":"2016-08-17T18:07:55","guid":{"rendered":"http:\/\/sindihoteis.com.br\/?page_id=254"},"modified":"2019-01-21T21:27:59","modified_gmt":"2019-01-21T21:27:59","slug":"convencoes-nova-iguacu","status":"publish","type":"page","link":"http:\/\/sindihoteis.com.br\/?page_id=254","title":{"rendered":"Conven\u00e7\u00f5es Baixada 1"},"content":{"rendered":"\n<!-- Facebook Like Button v1.9.6 BEGIN [http:\/\/blog.bottomlessinc.com] -->\n<iframe src=\"http:\/\/www.facebook.com\/plugins\/like.php?href=http%3A%2F%2Fsindihoteis.com.br%2F%3Fpage_id%3D254&amp;layout=standard&amp;show_faces=false&amp;width=450&amp;action=like&amp;colorscheme=light\" scrolling=\"no\" frameborder=\"0\" allowTransparency=\"true\" style=\"border:none; overflow:hidden; width:450px; height: 30px; align: left; margin: 2px 0px 2px 0px\"><\/iframe>\n<!-- Facebook Like Button END -->\n<p>(Separadas por ano de vig\u00eancia. Verifique a data desejada e click no link ao lado)<\/p>\n<p>Conven\u00e7\u00f5es Nova Igua\u00e7\u00fa 2008 a 2018 Abrang\u00eancia territorial em Duque de Caxias\/RJ, Itagua\u00ed\/RJ, Nil\u00f3polis\/RJ, Nova Igua\u00e7u\/RJ, Paracambi\/RJ e S\u00e3o Jo\u00e3o de Meriti\/RJ.<\/p>\n<p><a title=\"Nova Igua\u00e7u 2008-2009\" href=\"http:\/\/sindihoteis.com.br\/?p=256\"> <strong> 2008\/2009<\/strong> <\/a><\/p>\n<p><a title=\"Nova Igua\u00e7u 2008-2009\" href=\"http:\/\/sindihoteis.com.br\/?p=256\">N\u00daMERO DE REGISTRO NO MTE: RJ000453\/2008 <\/a><\/p>\n<p><a title=\"Nova Igua\u00e7u 2008-2009\" href=\"http:\/\/sindihoteis.com.br\/?p=256\">DATA DE REGISTRO NO MTE: 20\/10\/2008 <\/a><\/p>\n<p><a title=\"Nova Igua\u00e7u 2008-2009\" href=\"http:\/\/sindihoteis.com.br\/?p=256\">N\u00daMERO DA SOLICITA\u00c7\u00c3O:MR006809\/2008 <\/a><\/p>\n<p><a title=\"Nova Igua\u00e7u 2008-2009\" href=\"http:\/\/sindihoteis.com.br\/?p=256\">N\u00daMERO DO PROCESSO: 46215.035715\/2008-24 <\/a><\/p>\n<p><a title=\"Nova Igua\u00e7u 2008-2009\" href=\"http:\/\/sindihoteis.com.br\/?p=256\">DATA DO PROTOCOLO: 26\/09\/2008 <\/a><\/p>\n<p>&nbsp;<\/p>\n<p><a title=\"Conven\u00e7\u00e3o Nova Igua\u00e7\u00fa 2009-2010\" href=\"http:\/\/sindihoteis.com.br\/?p=264\"><strong>2009\/2010<\/strong> <\/a><\/p>\n<p><a title=\"Conven\u00e7\u00e3o Nova Igua\u00e7\u00fa 2009-2010\" href=\"http:\/\/sindihoteis.com.br\/?p=264\">N\u00daMERO DE REGISTRO NO MTE: RJ001601\/2009 <\/a><\/p>\n<p><a title=\"Conven\u00e7\u00e3o Nova Igua\u00e7\u00fa 2009-2010\" href=\"http:\/\/sindihoteis.com.br\/?p=264\">DATA DE REGISTRO NO MTE: 19\/10\/2009 <\/a><\/p>\n<p><a title=\"Conven\u00e7\u00e3o Nova Igua\u00e7\u00fa 2009-2010\" href=\"http:\/\/sindihoteis.com.br\/?p=264\">N\u00daMERO DA SOLICITA\u00c7\u00c3O: MR046589\/2009 <\/a><\/p>\n<p><a title=\"Conven\u00e7\u00e3o Nova Igua\u00e7\u00fa 2009-2010\" href=\"http:\/\/sindihoteis.com.br\/?p=264\">N\u00daMERO DO PROCESSO: 46215.483516\/2009-18<\/a><\/p>\n<p>&nbsp;<\/p>\n<p><a title=\"Conven\u00e7\u00e3o Nova Igua\u00e7\u00fa 2009-2010\" href=\"http:\/\/sindihoteis.com.br\/?p=264\">DATA DO PROTOCOLO: 13\/10\/2009<\/a><\/p>\n<p>&nbsp;<\/p>\n<p><strong> <a title=\"Conven\u00e7\u00e3o Nova Igua\u00e7u 2010-2011\" href=\"http:\/\/sindihoteis.com.br\/?p=269\">2010\/2011<\/a><\/strong><\/p>\n<p>N\u00daMERO DE REGISTRO NO MTE: RJ002319\/2010<\/p>\n<p>DATA DE REGISTRO NO MTE: 27\/10\/2010<\/p>\n<p>N\u00daMERO DA SOLICITA\u00c7\u00c3O: MR054098\/2010<\/p>\n<p>N\u00daMERO DO PROCESSO: 46215.036623\/2010-86<\/p>\n<p>DATA DO PROTOCOLO: 21\/10\/2010<\/p>\n<p>&nbsp;<\/p>\n<p><a title=\"Conven\u00e7\u00e3o Nova Igua\u00e7u 2011-2012\" href=\"http:\/\/sindihoteis.com.br\/?p=272\"><strong>2011\/2012<\/strong> <\/a><\/p>\n<p><a title=\"Conven\u00e7\u00e3o Nova Igua\u00e7u 2011-2012\" href=\"http:\/\/sindihoteis.com.br\/?p=272\">N\u00daMERO DE REGISTRO NO MTE: RJ002124\/2011 <\/a><\/p>\n<p><a title=\"Conven\u00e7\u00e3o Nova Igua\u00e7u 2011-2012\" href=\"http:\/\/sindihoteis.com.br\/?p=272\">DATA DE REGISTRO NO MTE: 20\/10\/2011 <\/a><\/p>\n<p><a title=\"Conven\u00e7\u00e3o Nova Igua\u00e7u 2011-2012\" href=\"http:\/\/sindihoteis.com.br\/?p=272\">N\u00daMERO DA SOLICITA\u00c7\u00c3O: MR059741\/2011 <\/a><\/p>\n<p><a title=\"Conven\u00e7\u00e3o Nova Igua\u00e7u 2011-2012\" href=\"http:\/\/sindihoteis.com.br\/?p=272\">N\u00daMERO DO PROCESSO: 46215.039678\/2011-29 <\/a><\/p>\n<p><a title=\"Conven\u00e7\u00e3o Nova Igua\u00e7u 2011-2012\" href=\"http:\/\/sindihoteis.com.br\/?p=272\">DATA DO PROTOCOLO: 17\/10\/2011 <\/a><\/p>\n<p>&nbsp;<\/p>\n<p><a title=\"Conven\u00e7\u00e3o Nova Igua\u00e7u 2012-2013\" href=\"http:\/\/sindihoteis.com.br\/?p=275\"><strong>2012\/2013<\/strong> <\/a><\/p>\n<p><a title=\"Conven\u00e7\u00e3o Nova Igua\u00e7u 2012-2013\" href=\"http:\/\/sindihoteis.com.br\/?p=275\">N\u00daMERO DE REGISTRO NO MTE: RJ002275\/2012 <\/a><\/p>\n<p><a title=\"Conven\u00e7\u00e3o Nova Igua\u00e7u 2012-2013\" href=\"http:\/\/sindihoteis.com.br\/?p=275\">DATA DE REGISTRO NO MTE: 24\/10\/2012 <\/a><\/p>\n<p><a title=\"Conven\u00e7\u00e3o Nova Igua\u00e7u 2012-2013\" href=\"http:\/\/sindihoteis.com.br\/?p=275\">N\u00daMERO DA SOLICITA\u00c7\u00c3O: MR058531\/2012 <\/a><\/p>\n<p><a title=\"Conven\u00e7\u00e3o Nova Igua\u00e7u 2012-2013\" href=\"http:\/\/sindihoteis.com.br\/?p=275\">N\u00daMERO DO PROCESSO: 46215.028337\/2012-17<\/a><\/p>\n<p>&nbsp;<\/p>\n<p><a title=\"Conven\u00e7\u00e3o Nova Igua\u00e7u 2012-2013\" href=\"http:\/\/sindihoteis.com.br\/?p=275\">DATA DO PROTOCOLO: 22\/10\/2012<\/a><\/p>\n<p>&nbsp;<\/p>\n<p><a title=\"Conven\u00e7\u00e3o Nova Igua\u00e7u 2013-2014\" href=\"http:\/\/sindihoteis.com.br\/?p=279\"><strong>2013\/2014<\/strong> <\/a><\/p>\n<p><a title=\"Conven\u00e7\u00e3o Nova Igua\u00e7u 2013-2014\" href=\"http:\/\/sindihoteis.com.br\/?p=279\">N\u00daMERO DE REGISTRO NO MTE: RJ000177\/2014 <\/a><\/p>\n<p><a title=\"Conven\u00e7\u00e3o Nova Igua\u00e7u 2013-2014\" href=\"http:\/\/sindihoteis.com.br\/?p=279\">DATA DE REGISTRO NO MTE: 29\/01\/2014 <\/a><\/p>\n<p><a title=\"Conven\u00e7\u00e3o Nova Igua\u00e7u 2013-2014\" href=\"http:\/\/sindihoteis.com.br\/?p=279\">N\u00daMERO DA SOLICITA\u00c7\u00c3O: MR066411\/2013 <\/a><\/p>\n<p><a title=\"Conven\u00e7\u00e3o Nova Igua\u00e7u 2013-2014\" href=\"http:\/\/sindihoteis.com.br\/?p=279\">N\u00daMERO DO PROCESSO: 46215.025212\/2013-16 <\/a><\/p>\n<p><a title=\"Conven\u00e7\u00e3o Nova Igua\u00e7u 2013-2014\" href=\"http:\/\/sindihoteis.com.br\/?p=279\">DATA DO PROTOCOLO: 29\/10\/2013 <\/a> <a title=\"Convencao Nova Igua\u00e7u 2014 2015\" href=\"http:\/\/sindihoteis.com.br\/?p=542\">2014\/2015<\/a><\/p>\n<table width=\"100%\">\n<tbody>\n<tr>\n<td><strong>Conven\u00e7\u00e3o Coletiva De Trabalho 2014\/2015<\/strong><\/td>\n<\/tr>\n<tr>\n<td>\n<table>\n<tbody>\n<tr>\n<td><strong>N\u00daMERO DA SOLICITA\u00c7\u00c3O:<\/strong><\/td>\n<td width=\"10\"><\/td>\n<td>MR064446\/2014<\/td>\n<\/tr>\n<tr>\n<td><strong>DATA E HOR\u00c1RIO DA TRANSMISS\u00c3O:<\/strong><\/td>\n<td width=\"10\"><\/td>\n<td>16\/10\/2014 \u00c0S 15:32<\/td>\n<\/tr>\n<tr>\n<td><strong>N\u00daMERO DO PROCESSO:<\/strong><\/td>\n<td width=\"10\"><\/td>\n<td>46215.023111\/2014-83<\/td>\n<\/tr>\n<tr>\n<td><strong>DATA DO PROTOCOLO:<\/strong><\/td>\n<td width=\"10\"><\/td>\n<td>20\/10\/2014<\/td>\n<\/tr>\n<\/tbody>\n<\/table>\n<\/td>\n<\/tr>\n<\/tbody>\n<\/table>\n<p>&nbsp;<\/p>\n<table width=\"100%\">\n<tbody>\n<tr>\n<td><a title=\"convencao nova iguacu 2015 2016\" href=\"http:\/\/sindihoteis.com.br\/?p=536\"><strong>Conven\u00e7\u00e3o Coletiva De Trabalho 2015\/2016<\/strong><\/a><\/td>\n<\/tr>\n<tr>\n<td>\n<table style=\"height: 146px;\" width=\"593\">\n<tbody>\n<tr>\n<td><a title=\"convencao nova iguacu 2015 2016\" href=\"http:\/\/sindihoteis.com.br\/?p=536\"><strong>N\u00daMERO DE REGISTRO NO MTE:<\/strong><\/a><\/td>\n<td width=\"10\"><a title=\"convencao nova iguacu 2015 2016\" href=\"http:\/\/sindihoteis.com.br\/?p=536\">\u00a0<\/a><\/td>\n<td><a title=\"convencao nova iguacu 2015 2016\" href=\"http:\/\/sindihoteis.com.br\/?p=536\">RJ002159\/2016<\/a><\/td>\n<\/tr>\n<tr>\n<td><a title=\"convencao nova iguacu 2015 2016\" href=\"http:\/\/sindihoteis.com.br\/?p=536\"><strong>DATA DE REGISTRO NO MTE:<\/strong><\/a><\/td>\n<td width=\"10\"><a title=\"convencao nova iguacu 2015 2016\" href=\"http:\/\/sindihoteis.com.br\/?p=536\">\u00a0<\/a><\/td>\n<td><a title=\"convencao nova iguacu 2015 2016\" href=\"http:\/\/sindihoteis.com.br\/?p=536\">18\/10\/2016<\/a><\/td>\n<\/tr>\n<tr>\n<td><a title=\"convencao nova iguacu 2015 2016\" href=\"http:\/\/sindihoteis.com.br\/?p=536\"><strong>N\u00daMERO DA SOLICITA\u00c7\u00c3O:<\/strong><\/a><\/td>\n<td width=\"10\"><a title=\"convencao nova iguacu 2015 2016\" href=\"http:\/\/sindihoteis.com.br\/?p=536\">\u00a0<\/a><\/td>\n<td><a title=\"convencao nova iguacu 2015 2016\" href=\"http:\/\/sindihoteis.com.br\/?p=536\">MR065801\/2015<\/a><\/td>\n<\/tr>\n<tr>\n<td><a title=\"convencao nova iguacu 2015 2016\" href=\"http:\/\/sindihoteis.com.br\/?p=536\"><strong>N\u00daMERO DO PROCESSO:<\/strong><\/a><\/td>\n<td width=\"10\"><a title=\"convencao nova iguacu 2015 2016\" href=\"http:\/\/sindihoteis.com.br\/?p=536\">\u00a0<\/a><\/td>\n<td><a title=\"convencao nova iguacu 2015 2016\" href=\"http:\/\/sindihoteis.com.br\/?p=536\">46215.033154\/2015-58<\/a><\/td>\n<\/tr>\n<tr>\n<td><a title=\"convencao nova iguacu 2015 2016\" href=\"http:\/\/sindihoteis.com.br\/?p=536\"><strong>DATA DO PROTOCOLO:<\/strong><\/a><\/td>\n<td width=\"10\"><a title=\"convencao nova iguacu 2015 2016\" href=\"http:\/\/sindihoteis.com.br\/?p=536\">\u00a0<\/a><\/td>\n<td><a title=\"convencao nova iguacu 2015 2016\" href=\"http:\/\/sindihoteis.com.br\/?p=536\">23\/11\/2015<\/a><\/td>\n<\/tr>\n<\/tbody>\n<\/table>\n<p><a title=\"convencao nova iguacu 2015 2016\" href=\"http:\/\/sindihoteis.com.br\/?p=536\"><strong>Confira a autenticidade no endere\u00e7o http:\/\/www3.mte.gov.br\/sistemas\/mediador\/<\/strong><\/a><\/td>\n<\/tr>\n<\/tbody>\n<\/table>\n<p>Conven\u00e7\u00e3o coletiva de Trabalho 2016\/2017<\/p>\n<table>\n<tbody>\n<tr>\n<td><a title=\"Conven\u00e7\u00e3o 2019 2017 baixada 1\" href=\"http:\/\/sindihoteis.com.br\/?p=607\"><strong>N\u00daMERO DE REGISTRO NO MTE:<\/strong><\/a><\/td>\n<td><\/td>\n<td>RJ000207\/2017<\/td>\n<\/tr>\n<tr>\n<td><a href=\"http:\/\/sindihoteis.com.br\/?p=607\"><strong>DATA DE REGISTRO NO MTE:<\/strong><\/a><\/td>\n<td><\/td>\n<td>03\/02\/2017<\/td>\n<\/tr>\n<tr>\n<td><strong>N\u00daMERO DA SOLICITA\u00c7\u00c3O:<\/strong><\/td>\n<td><\/td>\n<td>MR086458\/2016<\/td>\n<\/tr>\n<tr>\n<td><strong>N\u00daMERO DO PROCESSO:<\/strong><\/td>\n<td><\/td>\n<td>46215.000526\/2017-21<\/td>\n<\/tr>\n<tr>\n<td><strong>DATA DO PROTOCOLO:<\/strong><\/td>\n<td><\/td>\n<td>13\/01\/2017<\/td>\n<\/tr>\n<\/tbody>\n<\/table>\n<p>&#8212;&#8211; 2017 2018 Circular Conven\u00e7\u00e3o 2017 \/ 2018 <a title=\"Conven\u00e7\u00e3o 2017 2018 Baixada 1\" href=\"http:\/\/sindihoteis.com.br\/wp-content\/uploads\/2017\/12\/digitalizar0001.pdf\">http:\/\/sindihoteis.com.br\/wp-content\/uploads\/2017\/12\/digitalizar0001.pdf<\/a><\/p>\n<p>&nbsp;<\/p>\n<table>\n<tbody>\n<tr>\n<td><a title=\"CONVEN\u00c7\u00c3O 2017 2018 Nova Igua\u00e7\u00fa\" href=\"http:\/\/sindihoteis.com.br\/wp-content\/uploads\/2017\/12\/digitalizar0001.pdf\" target=\"_blank\"><strong>NUMERO DE REGISTRO NO MTE:<\/strong><\/a><\/td>\n<td><a title=\"CONVEN\u00c7\u00c3O 2017 2018 Nova Igua\u00e7\u00fa\" href=\"http:\/\/sindihoteis.com.br\/wp-content\/uploads\/2017\/12\/digitalizar0001.pdf\" target=\"_blank\">\u00a0<\/a><\/td>\n<td><a title=\"CONVEN\u00c7\u00c3O 2017 2018 Nova Igua\u00e7\u00fa\" href=\"http:\/\/sindihoteis.com.br\/wp-content\/uploads\/2017\/12\/digitalizar0001.pdf\" target=\"_blank\">RJ002689\/2017<\/a><\/td>\n<\/tr>\n<tr>\n<td><a title=\"CONVEN\u00c7\u00c3O 2017 2018 Nova Igua\u00e7\u00fa\" href=\"http:\/\/sindihoteis.com.br\/wp-content\/uploads\/2017\/12\/digitalizar0001.pdf\" target=\"_blank\"><strong>DATA DE REGISTRO NO MTE:<\/strong><\/a><\/td>\n<td><a title=\"CONVEN\u00c7\u00c3O 2017 2018 Nova Igua\u00e7\u00fa\" href=\"http:\/\/sindihoteis.com.br\/wp-content\/uploads\/2017\/12\/digitalizar0001.pdf\" target=\"_blank\">\u00a0<\/a><\/td>\n<td><a title=\"CONVEN\u00c7\u00c3O 2017 2018 Nova Igua\u00e7\u00fa\" href=\"http:\/\/sindihoteis.com.br\/wp-content\/uploads\/2017\/12\/digitalizar0001.pdf\" target=\"_blank\">29\/11\/2017<\/a><\/td>\n<\/tr>\n<tr>\n<td><a title=\"CONVEN\u00c7\u00c3O 2017 2018 Nova Igua\u00e7\u00fa\" href=\"http:\/\/sindihoteis.com.br\/wp-content\/uploads\/2017\/12\/digitalizar0001.pdf\" target=\"_blank\"><strong>NUMERO DA SOLICITA\u00c7\u00c3O:<\/strong><\/a><\/td>\n<td><a title=\"CONVEN\u00c7\u00c3O 2017 2018 Nova Igua\u00e7\u00fa\" href=\"http:\/\/sindihoteis.com.br\/wp-content\/uploads\/2017\/12\/digitalizar0001.pdf\" target=\"_blank\">\u00a0<\/a><\/td>\n<td><a title=\"CONVEN\u00c7\u00c3O 2017 2018 Nova Igua\u00e7\u00fa\" href=\"http:\/\/sindihoteis.com.br\/wp-content\/uploads\/2017\/12\/digitalizar0001.pdf\" target=\"_blank\">MR069043\/2017<\/a><\/td>\n<\/tr>\n<tr>\n<td><a title=\"CONVEN\u00c7\u00c3O 2017 2018 Nova Igua\u00e7\u00fa\" href=\"http:\/\/sindihoteis.com.br\/wp-content\/uploads\/2017\/12\/digitalizar0001.pdf\" target=\"_blank\"><strong>NUMERO DO PROCESSO:<\/strong><\/a><\/td>\n<td><a title=\"CONVEN\u00c7\u00c3O 2017 2018 Nova Igua\u00e7\u00fa\" href=\"http:\/\/sindihoteis.com.br\/wp-content\/uploads\/2017\/12\/digitalizar0001.pdf\" target=\"_blank\">\u00a0<\/a><\/td>\n<td><a title=\"CONVEN\u00c7\u00c3O 2017 2018 Nova Igua\u00e7\u00fa\" href=\"http:\/\/sindihoteis.com.br\/wp-content\/uploads\/2017\/12\/digitalizar0001.pdf\" target=\"_blank\">46215.019399\/2017-34<\/a><\/td>\n<\/tr>\n<tr>\n<td><a title=\"CONVEN\u00c7\u00c3O 2017 2018 Nova Igua\u00e7\u00fa\" href=\"http:\/\/sindihoteis.com.br\/wp-content\/uploads\/2017\/12\/digitalizar0001.pdf\" target=\"_blank\"><strong>DATA DO PROTOCOLO:<\/strong><\/a><\/td>\n<td><a title=\"CONVEN\u00c7\u00c3O 2017 2018 Nova Igua\u00e7\u00fa\" href=\"http:\/\/sindihoteis.com.br\/wp-content\/uploads\/2017\/12\/digitalizar0001.pdf\" target=\"_blank\">\u00a0<\/a><\/td>\n<td><a title=\"CONVEN\u00c7\u00c3O 2017 2018 Nova Igua\u00e7\u00fa\" href=\"http:\/\/sindihoteis.com.br\/wp-content\/uploads\/2017\/12\/digitalizar0001.pdf\" target=\"_blank\">10\/11\/2017<\/a><\/td>\n<\/tr>\n<\/tbody>\n<\/table>\n<p><a title=\"Nova Igua\u00e7u 2018\" href=\"http:\/\/sindihoteis.com.br\/?p=743\">\u00a0CONVEN\u00c7\u00c3O COLETIVA DE TRABALHO 2017\/2018 NOVA IGUA\u00c7U http:\/\/www3.mte.gov.br\/sistemas\/mediador\/Resumo\/ResumoVisualizar?NrSolicitacao=MR069043\/2017<\/a><\/p>\n<table id=\"tblConteudo\" border=\"0\">\n<tbody>\n<tr>\n<td>\n<table cellspacing=\"0\" cellpadding=\"0\">\n<tbody>\n<tr>\n<td class=\"titulo\" align=\"center\"><a title=\"Nova Igua\u00e7u 2018\" href=\"http:\/\/sindihoteis.com.br\/?p=743\"><b>CONVEN\u00c7\u00c3O COLETIVA DE TRABALHO 2017\/2018\u00a0<\/b><\/a><\/td>\n<\/tr>\n<tr>\n<td>\n<div>\n<table class=\"titulo\" border=\"0\" cellspacing=\"0\" cellpadding=\"0\">\n<tbody>\n<tr>\n<td><a title=\"Nova Igua\u00e7u 2018\" href=\"http:\/\/sindihoteis.com.br\/?p=743\"><b>N\u00daMERO DE REGISTRO NO MTE:<\/b><\/a><\/td>\n<td><a title=\"Nova Igua\u00e7u 2018\" href=\"http:\/\/sindihoteis.com.br\/?p=743\">\u00a0<\/a><\/td>\n<td><a title=\"Nova Igua\u00e7u 2018\" href=\"http:\/\/sindihoteis.com.br\/?p=743\">RJ002689\/2017<\/a><\/td>\n<\/tr>\n<tr>\n<td><a title=\"Nova Igua\u00e7u 2018\" href=\"http:\/\/sindihoteis.com.br\/?p=743\"><b>DATA DE REGISTRO NO MTE:<\/b><\/a><\/td>\n<td><a title=\"Nova Igua\u00e7u 2018\" href=\"http:\/\/sindihoteis.com.br\/?p=743\">\u00a0<\/a><\/td>\n<td><a title=\"Nova Igua\u00e7u 2018\" href=\"http:\/\/sindihoteis.com.br\/?p=743\">29\/11\/2017<\/a><\/td>\n<\/tr>\n<tr>\n<td><a title=\"Nova Igua\u00e7u 2018\" href=\"http:\/\/sindihoteis.com.br\/?p=743\"><b>N\u00daMERO DA SOLICITA\u00c7\u00c3O:<\/b><\/a><\/td>\n<td><a title=\"Nova Igua\u00e7u 2018\" href=\"http:\/\/sindihoteis.com.br\/?p=743\">\u00a0<\/a><\/td>\n<td><a title=\"Nova Igua\u00e7u 2018\" href=\"http:\/\/sindihoteis.com.br\/?p=743\">MR069043\/2017<\/a><\/td>\n<\/tr>\n<tr>\n<td><a title=\"Nova Igua\u00e7u 2018\" href=\"http:\/\/sindihoteis.com.br\/?p=743\"><b>N\u00daMERO DO PROCESSO:<\/b><\/a><\/td>\n<td><a title=\"Nova Igua\u00e7u 2018\" href=\"http:\/\/sindihoteis.com.br\/?p=743\">\u00a0<\/a><\/td>\n<td><a title=\"Nova Igua\u00e7u 2018\" href=\"http:\/\/sindihoteis.com.br\/?p=743\">46215.019399\/2017-34<\/a><\/td>\n<\/tr>\n<tr>\n<td><a title=\"Nova Igua\u00e7u 2018\" href=\"http:\/\/sindihoteis.com.br\/?p=743\"><b>DATA DO PROTOCOLO:<\/b><\/a><\/td>\n<td><a title=\"Nova Igua\u00e7u 2018\" href=\"http:\/\/sindihoteis.com.br\/?p=743\">\u00a0<\/a><\/td>\n<td><a title=\"Nova Igua\u00e7u 2018\" href=\"http:\/\/sindihoteis.com.br\/?p=743\">10\/11\/2017<\/a><\/td>\n<\/tr>\n<\/tbody>\n<\/table>\n<\/div>\n<\/td>\n<\/tr>\n<\/tbody>\n<\/table>\n<\/td>\n<\/tr>\n<\/tbody>\n<\/table>\n<p><a title=\"Belford Roxo 2018 2019\" href=\"http:\/\/sindihoteis.com.br\/?p=822\">Belford Roxo 2018-2019 Conven\u00e7\u00e3o Coletiva De Trabalho 2018\/2019 N\u00daMERO DE REGISTRO NO MTE: RJ002272\/2018 DATA DE REGISTRO NO MTE: 14\/12\/2018 N\u00daMERO DA SOLICITA\u00c7\u00c3O: MR070515\/2018 N\u00daMERO DO PROCESSO: 46215.018953\/2018-47 DATA DO PROTOCOLO: 07\/12\/2018 \u00a0 Confira a autenticidade no endere\u00e7o http:\/\/www3.mte.gov.br\/sistemas\/mediador\/. FEDERACAO NAC DE HOTEIS RESTAURANTES BARES E SIMILARES, CNPJ n. 33.792.235\/0001-12,<\/a><\/p>\n<div class=\"boder-bottom\">\n<h1>CCT Nova Iguacu 2018 2019<\/h1>\n<div class=\"clear\"><\/div>\n<\/div>\n<div class=\"Directory right \"><\/div>\n<div class=\"clear\"><\/div>\n<p><iframe loading=\"lazy\" src=\"http:\/\/www.facebook.com\/plugins\/like.php?href=http%3A%2F%2Fsindihoteis.com.br%2F%3Fp%3D819&amp;layout=standard&amp;show_faces=false&amp;width=450&amp;action=like&amp;colorscheme=light\" width=\"300\" height=\"150\" frameborder=\"0\" scrolling=\"no\"><\/iframe><\/p>\n<p><a href=\"http:\/\/sindihoteis.com.br\/wp-content\/uploads\/2019\/01\/Nova-Igua%C3%A7u-2018-2019.doc\">Convencao\u00a0<\/a>2018\/\/ 2019<\/p>\n<table width=\"100%\">\n<tbody>\n<tr>\n<td><a title=\"CCT NI 2018 2019\" href=\"http:\/\/sindihoteis.com.br\/?p=819\"><strong>Conven\u00e7\u00e3o Coletiva De Trabalho 2018\/2019<\/strong><\/a><\/td>\n<\/tr>\n<tr>\n<td>\n<table>\n<tbody>\n<tr>\n<td><a title=\"CCT NI 2018 2019\" href=\"http:\/\/sindihoteis.com.br\/?p=819\"><strong>N\u00daMERO DE REGISTRO NO MTE:<\/strong><\/a><\/td>\n<td width=\"10\"><a title=\"CCT NI 2018 2019\" href=\"http:\/\/sindihoteis.com.br\/?p=819\">\u00a0<\/a><\/td>\n<td><a title=\"CCT NI 2018 2019\" href=\"http:\/\/sindihoteis.com.br\/?p=819\">RJ002258\/2018<\/a><\/td>\n<\/tr>\n<tr>\n<td><a title=\"CCT NI 2018 2019\" href=\"http:\/\/sindihoteis.com.br\/?p=819\"><strong>DATA DE REGISTRO NO MTE:<\/strong><\/a><\/td>\n<td width=\"10\"><a title=\"CCT NI 2018 2019\" href=\"http:\/\/sindihoteis.com.br\/?p=819\">\u00a0<\/a><\/td>\n<td><a title=\"CCT NI 2018 2019\" href=\"http:\/\/sindihoteis.com.br\/?p=819\">13\/12\/2018<\/a><\/td>\n<\/tr>\n<tr>\n<td><a title=\"CCT NI 2018 2019\" href=\"http:\/\/sindihoteis.com.br\/?p=819\"><strong>N\u00daMERO DA SOLICITA\u00c7\u00c3O:<\/strong><\/a><\/td>\n<td width=\"10\"><a title=\"CCT NI 2018 2019\" href=\"http:\/\/sindihoteis.com.br\/?p=819\">\u00a0<\/a><\/td>\n<td><a title=\"CCT NI 2018 2019\" href=\"http:\/\/sindihoteis.com.br\/?p=819\">MR061981\/2018<\/a><\/td>\n<\/tr>\n<tr>\n<td><a title=\"CCT NI 2018 2019\" href=\"http:\/\/sindihoteis.com.br\/?p=819\"><strong>N\u00daMERO DO PROCESSO:<\/strong><\/a><\/td>\n<td width=\"10\"><a title=\"CCT NI 2018 2019\" href=\"http:\/\/sindihoteis.com.br\/?p=819\">\u00a0<\/a><\/td>\n<td><a title=\"CCT NI 2018 2019\" href=\"http:\/\/sindihoteis.com.br\/?p=819\">46215.020507\/2018-01<\/a><\/td>\n<\/tr>\n<tr>\n<td><a title=\"CCT NI 2018 2019\" href=\"http:\/\/sindihoteis.com.br\/?p=819\"><strong>DATA DO PROTOCOLO:<\/strong><\/a><\/td>\n<td width=\"10\"><a title=\"CCT NI 2018 2019\" href=\"http:\/\/sindihoteis.com.br\/?p=819\">\u00a0<\/a><\/td>\n<td><a title=\"CCT NI 2018 2019\" href=\"http:\/\/sindihoteis.com.br\/?p=819\">07\/12\/2018<\/a><\/td>\n<\/tr>\n<\/tbody>\n<\/table>\n<p><a title=\"CCT NI 2018 2019\" href=\"http:\/\/sindihoteis.com.br\/?p=819\">\u00a0<\/a><\/td>\n<\/tr>\n<\/tbody>\n<\/table>\n<p>&nbsp;<\/p>\n\n<!-- Facebook Like Button v1.9.6 BEGIN [http:\/\/blog.bottomlessinc.com] -->\n<iframe src=\"http:\/\/www.facebook.com\/plugins\/like.php?href=http%3A%2F%2Fsindihoteis.com.br%2F%3Fpage_id%3D254&amp;layout=standard&amp;show_faces=false&amp;width=450&amp;action=like&amp;colorscheme=light\" scrolling=\"no\" frameborder=\"0\" allowTransparency=\"true\" style=\"border:none; overflow:hidden; width:450px; height: 30px; align: left; margin: 2px 0px 2px 0px\"><\/iframe>\n<!-- Facebook Like Button END -->\n","protected":false},"excerpt":{"rendered":"<p>(Separadas por ano de vig\u00eancia. Verifique a data desejada e click no link ao lado) Conven\u00e7\u00f5es Nova Igua\u00e7\u00fa 2008 a 2018 Abrang\u00eancia territorial em Duque de Caxias\/RJ, Itagua\u00ed\/RJ, Nil\u00f3polis\/RJ, Nova Igua\u00e7u\/RJ, Paracambi\/RJ e S\u00e3o Jo\u00e3o de Meriti\/RJ. 2008\/2009 N\u00daMERO DE REGISTRO NO MTE: RJ000453\/2008 DATA DE REGISTRO NO MTE: 20\/10\/2008 &hellip; <a class=\"continue-reading-link\" href=\"http:\/\/sindihoteis.com.br\/?page_id=254\"> Continue reading <span class=\"meta-nav\">&rarr; <\/span><\/a><\/p>\n","protected":false},"author":1,"featured_media":0,"parent":0,"menu_order":0,"comment_status":"closed","ping_status":"closed","template":"","meta":[],"_links":{"self":[{"href":"http:\/\/sindihoteis.com.br\/index.php?rest_route=\/wp\/v2\/pages\/254"}],"collection":[{"href":"http:\/\/sindihoteis.com.br\/index.php?rest_route=\/wp\/v2\/pages"}],"about":[{"href":"http:\/\/sindihoteis.com.br\/index.php?rest_route=\/wp\/v2\/types\/page"}],"author":[{"embeddable":true,"href":"http:\/\/sindihoteis.com.br\/index.php?rest_route=\/wp\/v2\/users\/1"}],"replies":[{"embeddable":true,"href":"http:\/\/sindihoteis.com.br\/index.php?rest_route=%2Fwp%2Fv2%2Fcomments&post=254"}],"version-history":[{"count":29,"href":"http:\/\/sindihoteis.com.br\/index.php?rest_route=\/wp\/v2\/pages\/254\/revisions"}],"predecessor-version":[{"id":825,"href":"http:\/\/sindihoteis.com.br\/index.php?rest_route=\/wp\/v2\/pages\/254\/revisions\/825"}],"wp:attachment":[{"href":"http:\/\/sindihoteis.com.br\/index.php?rest_route=%2Fwp%2Fv2%2Fmedia&parent=254"}],"curies":[{"name":"wp","href":"https:\/\/api.w.org\/{rel}","templated":true}]}}