{"id":14,"date":"2015-01-15T16:08:44","date_gmt":"2015-01-15T16:08:44","guid":{"rendered":"http:\/\/sindihoteis.com.br\/?page_id=14"},"modified":"2024-10-11T18:18:11","modified_gmt":"2024-10-11T18:18:11","slug":"associe-se","status":"publish","type":"page","link":"http:\/\/sindihoteis.com.br\/","title":{"rendered":"Associe-se"},"content":{"rendered":"\n<!-- Facebook Like Button v1.9.6 BEGIN [http:\/\/blog.bottomlessinc.com] -->\n<iframe src=\"http:\/\/www.facebook.com\/plugins\/like.php?href=http%3A%2F%2Fsindihoteis.com.br%2F&amp;layout=standard&amp;show_faces=false&amp;width=450&amp;action=like&amp;colorscheme=light\" scrolling=\"no\" frameborder=\"0\" allowTransparency=\"true\" style=\"border:none; overflow:hidden; width:450px; height: 30px; align: left; margin: 2px 0px 2px 0px\"><\/iframe>\n<!-- Facebook Like Button END -->\n<h1 class=\"title\">Associe-se<\/h1>\n<p><a href=\"http:\/\/sindihoteis.com.br\/wp-content\/uploads\/2023\/03\/logo-shbrbsf.jpg\"><img decoding=\"async\" loading=\"lazy\" class=\"alignnone size-large wp-image-953\" src=\"http:\/\/sindihoteis.com.br\/wp-content\/uploads\/2023\/03\/logo-shbrbsf-1024x1024.jpg\" alt=\"logo shbrbsf\" width=\"800\" height=\"800\" srcset=\"http:\/\/sindihoteis.com.br\/wp-content\/uploads\/2023\/03\/logo-shbrbsf-1024x1024.jpg 1024w, http:\/\/sindihoteis.com.br\/wp-content\/uploads\/2023\/03\/logo-shbrbsf-150x150.jpg 150w, http:\/\/sindihoteis.com.br\/wp-content\/uploads\/2023\/03\/logo-shbrbsf-300x300.jpg 300w, http:\/\/sindihoteis.com.br\/wp-content\/uploads\/2023\/03\/logo-shbrbsf.jpg 1280w\" sizes=\"(max-width: 800px) 100vw, 800px\" \/><\/a><\/p>\n<div class=\"entry\">\n<table border=\"0\" width=\"98%\" cellspacing=\"0\" cellpadding=\"0\">\n<tbody>\n<tr>\n<td>\n<div>Associe-se ao SINDIHOT\u00c9IS<\/div>\n<\/td>\n<\/tr>\n<tr>\n<td>\u00a0Ao associar-se voc\u00ea desfruta de previl\u00e9gios exclusivos como descontos em rede de parcerias,\u00a0consultoria\u00a0jur\u00eddica e divulga\u00e7\u00e3o em nossa rede de contatos.<\/td>\n<\/tr>\n<tr>\n<td>\n<blockquote><p>Documentos necess\u00e1rios para cadastro:<\/p><\/blockquote>\n<\/td>\n<\/tr>\n<tr>\n<td>\n<blockquote>\n<blockquote><p>&#8211; Copia do contrato social,<br \/>\n&#8211; Copia da identidade,<br \/>\n&#8211; Copia do CPF,<br \/>\n&#8211; Foto 3\u00d74.<\/p><\/blockquote>\n<\/blockquote>\n<\/td>\n<\/tr>\n<tr>\n<td>\n<blockquote><p>Preencha o formul\u00e1rio abaixo que em breve estaremos entrando em contato.\u00a0Imprima este formul\u00e1rio e envie por fax<\/p>\n<p><strong>Associativismo Sindical 2024 \/2025<\/strong><\/p>\n<p>Quando sua empresa associa-se a um sindicato patronal, ela contribui para a defesa de toda a categoria econ\u00f4mica que a representa.<br \/>\nCom seu apoio, temos mais recursos para reivindicar seus direitos e fortalecer a uni\u00e3o do setor.<br \/>\nAssociativismo Sindical: o nosso trade mais fortalecido com a sua presen\u00e7a!<\/p><\/blockquote>\n<\/td>\n<\/tr>\n<tr>\n<td>\n<form accept-charset=\"UNKNOWN\" action=\"http:\/\/sindicatos.blog.com\/associese.php?\" enctype=\"application\/x-www-form-urlencoded\" method=\"post\">\n<table align=\"center\">\n<tbody>\n<tr valign=\"baseline\">\n<td colspan=\"3\" align=\"right\" valign=\"top\">\n<div>\n<div>Imprima este formul\u00e1rio e envie por fax (21) 2772-3403 ou por e-mail : <a href=\"mailto:sac@sindihoteis.com.br\">sac@sindihoteis.com.br<\/a><\/div>\n<\/div>\n<\/td>\n<\/tr>\n<tr valign=\"baseline\">\n<td colspan=\"3\" align=\"right\" valign=\"top\">\n<hr \/>\n<\/td>\n<\/tr>\n<tr valign=\"baseline\">\n<td align=\"right\" valign=\"top\" width=\"84\">\n<div>Raz\u00e3o Social:<\/div>\n<\/td>\n<td colspan=\"2\">\n<div><input name=\"razao_social\" type=\"text\" \/><\/div>\n<\/td>\n<\/tr>\n<tr valign=\"baseline\">\n<td align=\"right\" valign=\"top\">\n<div>CNPJ:<\/div>\n<\/td>\n<td colspan=\"2\">\n<div><input name=\"cnpj\" type=\"text\" \/><\/div>\n<\/td>\n<\/tr>\n<tr valign=\"baseline\">\n<td align=\"right\" valign=\"top\">\n<div>Tipo Inscri\u00e7\u00e3o:<\/div>\n<\/td>\n<td colspan=\"2\">\n<div><label>( \u00a0 )Municipal ou ( \u00a0 )Estadual\u00a0<\/label><\/div>\n<\/td>\n<\/tr>\n<tr valign=\"baseline\">\n<td align=\"right\" valign=\"top\">\n<div>Inscri\u00e7\u00e3o:<\/div>\n<\/td>\n<td colspan=\"2\">\n<div><input name=\"inscricao\" type=\"text\" \/><\/div>\n<\/td>\n<\/tr>\n<tr valign=\"baseline\">\n<td align=\"right\" valign=\"top\">\n<div>Atividade:<\/div>\n<\/td>\n<td colspan=\"2\">\n<div><input name=\"atividade\" type=\"text\" \/><\/div>\n<\/td>\n<\/tr>\n<tr valign=\"baseline\">\n<td align=\"right\" valign=\"top\">\n<div>Endere\u00e7o:<\/div>\n<\/td>\n<td colspan=\"2\">\n<div><input name=\"endereco\" type=\"text\" \/><\/div>\n<\/td>\n<\/tr>\n<tr valign=\"baseline\">\n<td align=\"right\" valign=\"top\">\n<div>Bairro:<\/div>\n<\/td>\n<td colspan=\"2\">\n<div><input name=\"bairro\" type=\"text\" \/><\/div>\n<\/td>\n<\/tr>\n<tr valign=\"baseline\">\n<td align=\"right\" valign=\"top\">\n<div>Cidade:<\/div>\n<\/td>\n<td colspan=\"2\">\n<div><input name=\"cidade\" type=\"text\" \/><\/div>\n<\/td>\n<\/tr>\n<tr valign=\"baseline\">\n<td align=\"right\" valign=\"top\">\n<div>Uf:<\/div>\n<\/td>\n<td colspan=\"2\">\n<div>Estado RJ<\/div>\n<\/td>\n<\/tr>\n<tr valign=\"baseline\">\n<td align=\"right\" valign=\"top\">\n<div>Cep:<\/div>\n<\/td>\n<td colspan=\"2\">\n<div><input name=\"cep\" type=\"text\" \/><\/div>\n<\/td>\n<\/tr>\n<tr valign=\"baseline\">\n<td align=\"right\" valign=\"top\">\n<div>Telefone:<\/div>\n<\/td>\n<td colspan=\"2\">\n<div><input name=\"telefone\" type=\"text\" \/><\/div>\n<\/td>\n<\/tr>\n<tr valign=\"baseline\">\n<td align=\"right\" valign=\"top\">\n<div>Fax:<\/div>\n<\/td>\n<td colspan=\"2\">\n<div><input name=\"fax\" type=\"text\" \/><\/div>\n<\/td>\n<\/tr>\n<tr valign=\"baseline\">\n<td align=\"right\" valign=\"top\">\n<div>E-mail:<\/div>\n<\/td>\n<td colspan=\"2\">\n<div><input name=\"email\" type=\"text\" \/><\/div>\n<\/td>\n<\/tr>\n<tr valign=\"baseline\">\n<td colspan=\"3\" align=\"right\" valign=\"top\"><\/td>\n<\/tr>\n<tr valign=\"baseline\">\n<td colspan=\"3\" align=\"right\" valign=\"top\">\n<div>Entre com os dados para contato:<\/div>\n<\/td>\n<\/tr>\n<tr valign=\"baseline\">\n<td colspan=\"3\" align=\"right\" valign=\"top\">\n<hr \/>\n<\/td>\n<\/tr>\n<tr valign=\"baseline\">\n<td align=\"right\" valign=\"top\">\n<div>Contato:<\/div>\n<\/td>\n<td colspan=\"2\">\n<div><input name=\"contato\" type=\"text\" \/><\/div>\n<\/td>\n<\/tr>\n<tr valign=\"baseline\">\n<td align=\"right\" valign=\"top\">\n<div>Telefone:<\/div>\n<\/td>\n<td colspan=\"2\">\n<div><input name=\"tel_cont\" type=\"text\" \/><\/div>\n<\/td>\n<\/tr>\n<tr valign=\"baseline\">\n<td align=\"right\" valign=\"top\">\n<div>E-mail:<\/div>\n<\/td>\n<td colspan=\"2\">\n<div><input name=\"email_cont\" type=\"text\" \/><\/div>\n<\/td>\n<\/tr>\n<tr valign=\"baseline\">\n<td align=\"right\" valign=\"top\">\n<div>Mensagem:<\/div>\n<\/td>\n<td colspan=\"2\">\n<div><textarea cols=\"35\" name=\"mensagem\" rows=\"5\"><\/textarea><\/div>\n<\/td>\n<\/tr>\n<tr valign=\"baseline\">\n<td align=\"right\" valign=\"top\" height=\"41\"><\/td>\n<td width=\"66\">\n<div><input name=\"enviar\" type=\"submit\" value=\"Enviar\" \/><\/div>\n<\/td>\n<td width=\"157\">\n<div><input name=\"limpar\" type=\"reset\" value=\"Limpar\" \/><\/div>\n<\/td>\n<\/tr>\n<\/tbody>\n<\/table>\n<\/form>\n<\/td>\n<\/tr>\n<\/tbody>\n<\/table>\n<\/div>\n\n<!-- Facebook Like Button v1.9.6 BEGIN [http:\/\/blog.bottomlessinc.com] -->\n<iframe src=\"http:\/\/www.facebook.com\/plugins\/like.php?href=http%3A%2F%2Fsindihoteis.com.br%2F&amp;layout=standard&amp;show_faces=false&amp;width=450&amp;action=like&amp;colorscheme=light\" scrolling=\"no\" frameborder=\"0\" allowTransparency=\"true\" style=\"border:none; overflow:hidden; width:450px; height: 30px; align: left; margin: 2px 0px 2px 0px\"><\/iframe>\n<!-- Facebook Like Button END -->\n","protected":false},"excerpt":{"rendered":"<p>Associe-se Associe-se ao SINDIHOT\u00c9IS \u00a0Ao associar-se voc\u00ea desfruta de previl\u00e9gios exclusivos como descontos em rede de parcerias,\u00a0consultoria\u00a0jur\u00eddica e divulga\u00e7\u00e3o em nossa rede de contatos. Documentos necess\u00e1rios para cadastro: &#8211; Copia do contrato social, &#8211; Copia da identidade, &#8211; Copia do CPF, &#8211; Foto 3\u00d74. Preencha o formul\u00e1rio abaixo que em &hellip; <a class=\"continue-reading-link\" href=\"http:\/\/sindihoteis.com.br\/\"> Continue reading <span class=\"meta-nav\">&rarr; <\/span><\/a><\/p>\n","protected":false},"author":1,"featured_media":0,"parent":0,"menu_order":0,"comment_status":"open","ping_status":"open","template":"","meta":[],"_links":{"self":[{"href":"http:\/\/sindihoteis.com.br\/index.php?rest_route=\/wp\/v2\/pages\/14"}],"collection":[{"href":"http:\/\/sindihoteis.com.br\/index.php?rest_route=\/wp\/v2\/pages"}],"about":[{"href":"http:\/\/sindihoteis.com.br\/index.php?rest_route=\/wp\/v2\/types\/page"}],"author":[{"embeddable":true,"href":"http:\/\/sindihoteis.com.br\/index.php?rest_route=\/wp\/v2\/users\/1"}],"replies":[{"embeddable":true,"href":"http:\/\/sindihoteis.com.br\/index.php?rest_route=%2Fwp%2Fv2%2Fcomments&post=14"}],"version-history":[{"count":11,"href":"http:\/\/sindihoteis.com.br\/index.php?rest_route=\/wp\/v2\/pages\/14\/revisions"}],"predecessor-version":[{"id":982,"href":"http:\/\/sindihoteis.com.br\/index.php?rest_route=\/wp\/v2\/pages\/14\/revisions\/982"}],"wp:attachment":[{"href":"http:\/\/sindihoteis.com.br\/index.php?rest_route=%2Fwp%2Fv2%2Fmedia&parent=14"}],"curies":[{"name":"wp","href":"https:\/\/api.w.org\/{rel}","templated":true}]}}